{"id":3539,"date":"2023-01-18T17:27:32","date_gmt":"2023-01-18T15:27:32","guid":{"rendered":"https:\/\/dev.zezz.ee\/garden\/toode\/gypsophila-rosenschleier\/"},"modified":"2026-02-24T15:21:40","modified_gmt":"2026-02-24T13:21:40","slug":"gypsophila-rosenschleier","status":"publish","type":"product","link":"https:\/\/dev.garden.ee\/en\/product\/gypsophila-rosenschleier\/","title":{"rendered":"Gypsophila &#8216;Rosenschleier&#8217;"},"content":{"rendered":"<input class=\"fooboxshare_post_id\" type=\"hidden\" value=\"3539\"\/>","protected":false},"excerpt":{"rendered":"<p>Kompaktse ja madala vormiga p\u00fcsik loob oma peene varrestikuga \u00f5hulise pilvepuhma. Taime \u00f5hulisust r\u00f5hutavad veelgi pisikesed roosad topelt\u00f5ied. Kipslilled kasvavad k\u00f5ige meelsamini kuivas, p\u00e4ikesepaistelises kohas. Nad on v\u00e4ga soojalembesed taimed. Liblikad, mesilased, putukad armastavad peatuda selle taime pitsivahusel pinnal. \u00dcmberistutamist nad ei talu h\u00e4sti, seep\u00e4rast on soovitav leida talle aias kena soe kohake, kus ta saab aastaid kasvada. Soojemas kliimas on ta pooleldi igihaljas, kuid meil kuivab s\u00fcgisel \u00e4ra, kevadel ajab uued v\u00f5rsed. Kasutatakse laialdaselt pitsilisuse lisamiseks v\u00e4rsketes lilleseadetes ja kuivlilleseadetes. Sort on p\u00e4rjatud Award of Garden Meritiga.<\/p>\n<p><span style=\"color: #ff0000;\">\u00a0<\/span><\/p>","protected":false},"featured_media":3540,"template":"","meta":[],"product_brand":[],"product_cat":[4415,4413,6934,4401,22],"product_tag":[9209],"class_list":{"0":"post-3539","1":"product","2":"type-product","3":"status-publish","4":"has-post-thumbnail","6":"product_cat-lilleaed","7":"product_cat-loikelilleaed","8":"product_cat-mesilassobralik-aed","9":"product_cat-pusikud","10":"product_cat-taimed","11":"product_tag-rhs-award-of-garden-merit","12":"pa_haiguskindlus-vaga-hea","13":"pa_moodud-k-15-35-cm-l-70-m","14":"pa_oie-varv-roosa","15":"pa_oitsemise-aeg-juuli-august","16":"pa_talvekindlus-hea","17":"pa_tsoon-6-9","18":"pa_variatsioon-suurem-pott","19":"pa_variatsioon-vaiksem-pott","21":"first","22":"instock","23":"purchasable","24":"product-type-variable"},"acf":[],"_links":{"self":[{"href":"https:\/\/dev.garden.ee\/en\/wp-json\/wp\/v2\/product\/3539","targetHints":{"allow":["GET"]}}],"collection":[{"href":"https:\/\/dev.garden.ee\/en\/wp-json\/wp\/v2\/product"}],"about":[{"href":"https:\/\/dev.garden.ee\/en\/wp-json\/wp\/v2\/types\/product"}],"wp:featuredmedia":[{"embeddable":true,"href":"https:\/\/dev.garden.ee\/en\/wp-json\/wp\/v2\/media\/3540"}],"wp:attachment":[{"href":"https:\/\/dev.garden.ee\/en\/wp-json\/wp\/v2\/media?parent=3539"}],"wp:term":[{"taxonomy":"product_brand","embeddable":true,"href":"https:\/\/dev.garden.ee\/en\/wp-json\/wp\/v2\/product_brand?post=3539"},{"taxonomy":"product_cat","embeddable":true,"href":"https:\/\/dev.garden.ee\/en\/wp-json\/wp\/v2\/product_cat?post=3539"},{"taxonomy":"product_tag","embeddable":true,"href":"https:\/\/dev.garden.ee\/en\/wp-json\/wp\/v2\/product_tag?post=3539"}],"curies":[{"name":"wp","href":"https:\/\/api.w.org\/{rel}","templated":true}]}}