{"id":3534,"date":"2023-01-18T17:27:29","date_gmt":"2023-01-18T15:27:29","guid":{"rendered":"https:\/\/dev.zezz.ee\/garden\/toode\/monarda-didyma-beauty-of-cobham\/"},"modified":"2026-03-03T15:58:37","modified_gmt":"2026-03-03T13:58:37","slug":"monarda-didyma-beauty-of-cobham","status":"publish","type":"product","link":"https:\/\/dev.garden.ee\/en\/product\/monarda-didyma-beauty-of-cobham\/","title":{"rendered":"Monarda didyma &#8216;Beauty of Cobham&#8217;"},"content":{"rendered":"<input class=\"fooboxshare_post_id\" type=\"hidden\" value=\"3534\"\/>","protected":false},"excerpt":{"rendered":"<p>Kummalise v\u00e4limusega taim meenutab oma v\u00e4limuselt India peaehet. P\u00f5neva kahetoonilise \u00f5iega sort on t\u00f5eline pilgup\u00fc\u00fcdja &#8211; tumelilla alumine osa ning kahvatulillad \u00fclemised kroonlehed. Taimel on v\u00e4ga pikk \u00f5itsemisperiood, kestes suve algusest s\u00fcgiseni. Aromaatne purpurroheline lehestik sobib kasutamiseks ka toiduvalmistamisel. Sordile on omistatud Award of Garden Merit. Aeglase levikuga taim. Talvine liigniiskus v\u00f5ib taimele saatuslikuks saada, kuid samas ei talu taim ka v\u00e4ga kuiva ja liivast pinnast. Kasvamiseks sobib h\u00e4sti n\u00f5rgalt happeline, tavaline aiamuld. P\u00e4ikese k\u00e4es tunneb taim end k\u00f5ige paremini. Naabriteks v\u00f5iksid olla neiusilmad, kaelus-kirburohud. V\u00e4giheinad ja dekoratiivsed k\u00f5rrelised v\u00f5iksid olla monardadele kauniks taustaks.<\/p>","protected":false},"featured_media":3535,"template":"","meta":[],"product_brand":[],"product_cat":[4415,4414,4413,4401,22],"product_tag":[9209],"class_list":{"0":"post-3534","1":"product","2":"type-product","3":"status-publish","4":"has-post-thumbnail","6":"product_cat-lilleaed","7":"product_cat-lohnaaed","8":"product_cat-loikelilleaed","9":"product_cat-pusikud","10":"product_cat-taimed","11":"product_tag-rhs-award-of-garden-merit","12":"pa_haiguskindlus-hea","13":"pa_lohn-lohnav","14":"pa_moodud-k-70-80-cm-l-45-60-cm","15":"pa_oie-varv-roosa","16":"pa_oitsemise-aeg-juuli-september","17":"pa_talvekindlus-vaga-hea","18":"pa_tsoon-z-4-9","19":"pa_variatsioon-suurem-pott","20":"pa_variatsioon-vaiksem-pott","22":"first","23":"outofstock","24":"purchasable","25":"product-type-variable"},"acf":[],"_links":{"self":[{"href":"https:\/\/dev.garden.ee\/en\/wp-json\/wp\/v2\/product\/3534","targetHints":{"allow":["GET"]}}],"collection":[{"href":"https:\/\/dev.garden.ee\/en\/wp-json\/wp\/v2\/product"}],"about":[{"href":"https:\/\/dev.garden.ee\/en\/wp-json\/wp\/v2\/types\/product"}],"wp:featuredmedia":[{"embeddable":true,"href":"https:\/\/dev.garden.ee\/en\/wp-json\/wp\/v2\/media\/3535"}],"wp:attachment":[{"href":"https:\/\/dev.garden.ee\/en\/wp-json\/wp\/v2\/media?parent=3534"}],"wp:term":[{"taxonomy":"product_brand","embeddable":true,"href":"https:\/\/dev.garden.ee\/en\/wp-json\/wp\/v2\/product_brand?post=3534"},{"taxonomy":"product_cat","embeddable":true,"href":"https:\/\/dev.garden.ee\/en\/wp-json\/wp\/v2\/product_cat?post=3534"},{"taxonomy":"product_tag","embeddable":true,"href":"https:\/\/dev.garden.ee\/en\/wp-json\/wp\/v2\/product_tag?post=3534"}],"curies":[{"name":"wp","href":"https:\/\/api.w.org\/{rel}","templated":true}]}}