{"id":3530,"date":"2023-01-18T17:27:26","date_gmt":"2023-01-18T15:27:26","guid":{"rendered":"https:\/\/dev.zezz.ee\/garden\/toode\/molinia-caerulea-heidebraut\/"},"modified":"2026-03-03T13:20:31","modified_gmt":"2026-03-03T11:20:31","slug":"molinia-caerulea-heidebraut","status":"publish","type":"product","link":"https:\/\/dev.garden.ee\/en\/product\/molinia-caerulea-heidebraut\/","title":{"rendered":"Molinia caerulea &#8216;Heidebraut&#8217;"},"content":{"rendered":"<input class=\"fooboxshare_post_id\" type=\"hidden\" value=\"3530\"\/>","protected":false},"excerpt":{"rendered":"<p>Puhmakujuline, keskmist kasvu k\u00f5rreline. Tema tumerohelised kitsad lehed kaarduvad graatsiliselt maapinna poole. Suvel ilmuvad nooljad, \u00f5hk\u00f5rnad kollakad \u00f5ievarred. Efekt on \u00f5rn ja \u00f5huline, kuid taim on tegelikult tugev ja hoiab end p\u00fcstisena ka tuulisematel kohtadel. Pikaealine taim, mida on kerge hooldada. \u00dcks esimesi \u00f5itsejaid k\u00f5rreliste seas. S\u00fcgisel v\u00e4rvub taim s\u00e4ravalt kuldseks. Sobib p\u00fcsikupeenrasse nii vahele kui ka taustaks, r\u00fchmiti koos karikakraliste, kurerehadega\u00a0ja\u00a0teiste k\u00f5rrelistega. Sobib ka tiigi kaldale.<\/p>\n<p>Hooldus: L\u00f5ika varakevadel maha.<\/p>","protected":false},"featured_media":3531,"template":"","meta":[],"product_brand":[],"product_cat":[4407,4400,4415,4401,22],"product_tag":[],"class_list":{"0":"post-3530","1":"product","2":"type-product","3":"status-publish","4":"has-post-thumbnail","6":"product_cat-aasad","7":"product_cat-korrelised","8":"product_cat-lilleaed","9":"product_cat-pusikud","10":"product_cat-taimed","11":"pa_haiguskindlus-hea","12":"pa_moodud-k-110-cm-l-60-cm","13":"pa_oie-varv-punane","14":"pa_oitsemise-aeg-august","15":"pa_talvekindlus-hea","16":"pa_tsoon-z-5-9","17":"pa_variatsioon-suurem-pott","18":"pa_variatsioon-vaiksem-pott","20":"first","21":"outofstock","22":"purchasable","23":"product-type-variable"},"acf":[],"_links":{"self":[{"href":"https:\/\/dev.garden.ee\/en\/wp-json\/wp\/v2\/product\/3530","targetHints":{"allow":["GET"]}}],"collection":[{"href":"https:\/\/dev.garden.ee\/en\/wp-json\/wp\/v2\/product"}],"about":[{"href":"https:\/\/dev.garden.ee\/en\/wp-json\/wp\/v2\/types\/product"}],"wp:featuredmedia":[{"embeddable":true,"href":"https:\/\/dev.garden.ee\/en\/wp-json\/wp\/v2\/media\/3531"}],"wp:attachment":[{"href":"https:\/\/dev.garden.ee\/en\/wp-json\/wp\/v2\/media?parent=3530"}],"wp:term":[{"taxonomy":"product_brand","embeddable":true,"href":"https:\/\/dev.garden.ee\/en\/wp-json\/wp\/v2\/product_brand?post=3530"},{"taxonomy":"product_cat","embeddable":true,"href":"https:\/\/dev.garden.ee\/en\/wp-json\/wp\/v2\/product_cat?post=3530"},{"taxonomy":"product_tag","embeddable":true,"href":"https:\/\/dev.garden.ee\/en\/wp-json\/wp\/v2\/product_tag?post=3530"}],"curies":[{"name":"wp","href":"https:\/\/api.w.org\/{rel}","templated":true}]}}