{"id":3522,"date":"2023-01-18T17:27:21","date_gmt":"2023-01-18T15:27:21","guid":{"rendered":"https:\/\/dev.zezz.ee\/garden\/toode\/camelot\/"},"modified":"2026-02-01T18:20:22","modified_gmt":"2026-02-01T16:20:22","slug":"camelot","status":"publish","type":"product","link":"https:\/\/dev.garden.ee\/en\/product\/camelot\/","title":{"rendered":"Camelot\u00ae"},"content":{"rendered":"<input class=\"fooboxshare_post_id\" type=\"hidden\" value=\"3522\"\/>","protected":false},"excerpt":{"rendered":"<p>Erakordselt j\u00f5ulise kasvuga roniroos. L\u00e4ikiv, keskmise rohelisega lehestik on suurep\u00e4rase tervisega ning \u00e4\u00e4rmiselt vastupidav nii jahukastele kui ka hahkhallitusele. Keskmise suurusega \u00f5ied (6 &#8211; 8 cm) on roosad, kroonlehtedel tumeroosade m\u00e4rgistega. \u00d5ied on l\u00f5dvalt t\u00e4idetud ja isepuhastuvad. Uudse olemusega \u00f5ied on tsitrusel\u00f5hnalised. V\u00f5rsed on n\u00f5tked, neid saab lihtsa vaevaga horisontaalselt painutada, et \u00f5itsemist veelgi suurendada. Ideaalne loomaks sammasjat vormi, katta seinu, m\u00fc\u00fcre, pergolaid.<\/p>\n<p>Teine \u00f5itsemine on m\u00e4rgatavalt n\u00f5rgem, seet\u00f5ttu soovitame p\u00e4rast esimest \u00f5itsemist j\u00e4rjepidevat suvist p\u00fcgamist.<\/p>\n<p>P\u00e4lvinud mitmeid auhindu: Rose of the year 2026 (Norway); Rose of year 2022 (Sweden); Prix de Soci\u00e9t\u00e9 Nationale d\u2019Horticulture Fran\u00e7aise (France 2022); Den Haag \/ Netherlands 1st Class Certificate; Best Climbing Rose and Fragrance Award Belfast (Ireland 2014); Palme du Rosier Raysager (Paris, France 2014); Silver Medal Hradec Kr\u00e1lov\u00e9 (Czech Rep. 2014); Best Climbing Rose (La Tacita, Italy 2015); Bronze Lyon (France 2013); Gold Medal Barcelona (Spain 2013), Best Climbing Rose Rome (Italy 2013), Prize from the Societ\u00e9 National d\u2019Horticulture Francais 2013; ADR 2012; Gold Medal for Best Climbing Rose Baden-Baden (Germany 2012), Trial Ground Certificate of the Royal National Rose Society (Great-Britan 2012).<\/p>\n<p><span style=\"color: #ff0000;\">ETTETELLIMINE, V\u00c4LJASTAMINE APRILLI TEISEST POOLEST<\/span><\/p>","protected":false},"featured_media":3523,"template":"","meta":[],"product_brand":[],"product_cat":[4415,4414,6934,4397,4416,4402,22],"product_tag":[9418],"class_list":{"0":"post-3522","1":"product","2":"type-product","3":"status-publish","4":"has-post-thumbnail","6":"product_cat-lilleaed","7":"product_cat-lohnaaed","8":"product_cat-mesilassobralik-aed","9":"product_cat-ronitaimed","10":"product_cat-roosiaed","11":"product_cat-roosid","12":"product_cat-taimed","13":"product_tag-adr-roos","14":"pa_aretus-rosen-tantau","15":"pa_avalikustamisaasta-saksamaa-2011","16":"pa_haiguskindlus-vaga-hea","17":"pa_kasvukorgus-250-300-cm","18":"pa_laius-100-cm","19":"pa_lisainfo-ronitaim","20":"pa_lohn-keskmine","21":"pa_lohn-tsitruseline","22":"pa_lohn-varske","23":"pa_oie-suurus-keskmine","24":"pa_oie-varv-roosa","25":"pa_oie-varv-roosakas","26":"pa_oietuup-taidisois","27":"pa_oitsemine-korduvalt-oitsev","28":"pa_sort-rambler","29":"pa_sort-roniroos","30":"pa_taimede-arvestus-ruutmeetri-9220","31":"pa_talvekindlus-vaga-hea","32":"pa_variatsioon-potis-2l-kevadel","33":"pa_variatsioon-potis-4-6l","34":"pa_variatsioon-potis-4-6l-suvel-ja-sugisel","36":"first","37":"onbackorder","38":"taxable","39":"shipping-taxable","40":"purchasable","41":"product-type-variable"},"acf":[],"_links":{"self":[{"href":"https:\/\/dev.garden.ee\/en\/wp-json\/wp\/v2\/product\/3522","targetHints":{"allow":["GET"]}}],"collection":[{"href":"https:\/\/dev.garden.ee\/en\/wp-json\/wp\/v2\/product"}],"about":[{"href":"https:\/\/dev.garden.ee\/en\/wp-json\/wp\/v2\/types\/product"}],"wp:featuredmedia":[{"embeddable":true,"href":"https:\/\/dev.garden.ee\/en\/wp-json\/wp\/v2\/media\/3523"}],"wp:attachment":[{"href":"https:\/\/dev.garden.ee\/en\/wp-json\/wp\/v2\/media?parent=3522"}],"wp:term":[{"taxonomy":"product_brand","embeddable":true,"href":"https:\/\/dev.garden.ee\/en\/wp-json\/wp\/v2\/product_brand?post=3522"},{"taxonomy":"product_cat","embeddable":true,"href":"https:\/\/dev.garden.ee\/en\/wp-json\/wp\/v2\/product_cat?post=3522"},{"taxonomy":"product_tag","embeddable":true,"href":"https:\/\/dev.garden.ee\/en\/wp-json\/wp\/v2\/product_tag?post=3522"}],"curies":[{"name":"wp","href":"https:\/\/api.w.org\/{rel}","templated":true}]}}