{"id":3519,"date":"2023-01-18T17:27:18","date_gmt":"2023-01-18T15:27:18","guid":{"rendered":"https:\/\/dev.zezz.ee\/garden\/toode\/molinia-arundinacea-transparent\/"},"modified":"2026-03-03T12:46:15","modified_gmt":"2026-03-03T10:46:15","slug":"molinia-arundinacea-transparent","status":"publish","type":"product","link":"https:\/\/dev.garden.ee\/en\/product\/molinia-arundinacea-transparent\/","title":{"rendered":"Molinia arundinacea &#8216;Transparent&#8217;"},"content":{"rendered":"<input class=\"fooboxshare_post_id\" type=\"hidden\" value=\"3519\"\/>","protected":false},"excerpt":{"rendered":"<p>Kauni puhma moodustav k\u00f5rreline, mille lineaarne lehestik muutub s\u00fcgisperioodiks s\u00e4ravalt kuldkollaseks. J\u00e4ikade \u00f5ievartega kaunis ornamentaalne k\u00f5rreline. Lillakad, peaaegu l\u00e4bipaistvad peene hargnevusega \u00f5isikud, h\u00f5ljuvad graatsiliselt \u00fcle madala kaardus lehestiku. Tegemist on \u00fche kauneima k\u00f5rrelisega sinihelmikute seas. V\u00e4ga kaunis taustataim, kus kasvavad heleeniumid, k\u00f5rged astrid, astilbed, raudrohud, kirburohud, kolmetised vesikanepid jne. Dramaatilisust saab lisada taimele, kui sobitada teiste dekoratiivsete k\u00f5rrelistega.<\/p>","protected":false},"featured_media":3520,"template":"","meta":[],"product_brand":[],"product_cat":[4407,4400,4415,4401,22],"product_tag":[],"class_list":{"0":"post-3519","1":"product","2":"type-product","3":"status-publish","4":"has-post-thumbnail","6":"product_cat-aasad","7":"product_cat-korrelised","8":"product_cat-lilleaed","9":"product_cat-pusikud","10":"product_cat-taimed","11":"pa_haiguskindlus-hea","12":"pa_moodud-k-18-m-l-60-cm","13":"pa_oie-varv-purpurne","14":"pa_oitsemise-aeg-august-september","15":"pa_talvekindlus-vaga-hea","16":"pa_tsoon-4-9","17":"pa_variatsioon-suurem-pott","18":"pa_variatsioon-vaiksem-pott","20":"first","21":"outofstock","22":"purchasable","23":"product-type-variable"},"acf":[],"_links":{"self":[{"href":"https:\/\/dev.garden.ee\/en\/wp-json\/wp\/v2\/product\/3519","targetHints":{"allow":["GET"]}}],"collection":[{"href":"https:\/\/dev.garden.ee\/en\/wp-json\/wp\/v2\/product"}],"about":[{"href":"https:\/\/dev.garden.ee\/en\/wp-json\/wp\/v2\/types\/product"}],"wp:featuredmedia":[{"embeddable":true,"href":"https:\/\/dev.garden.ee\/en\/wp-json\/wp\/v2\/media\/3520"}],"wp:attachment":[{"href":"https:\/\/dev.garden.ee\/en\/wp-json\/wp\/v2\/media?parent=3519"}],"wp:term":[{"taxonomy":"product_brand","embeddable":true,"href":"https:\/\/dev.garden.ee\/en\/wp-json\/wp\/v2\/product_brand?post=3519"},{"taxonomy":"product_cat","embeddable":true,"href":"https:\/\/dev.garden.ee\/en\/wp-json\/wp\/v2\/product_cat?post=3519"},{"taxonomy":"product_tag","embeddable":true,"href":"https:\/\/dev.garden.ee\/en\/wp-json\/wp\/v2\/product_tag?post=3519"}],"curies":[{"name":"wp","href":"https:\/\/api.w.org\/{rel}","templated":true}]}}