{"id":3515,"date":"2023-01-18T17:27:16","date_gmt":"2023-01-18T15:27:16","guid":{"rendered":"https:\/\/dev.zezz.ee\/garden\/toode\/molinia-arundinacea-karl-foerster\/"},"modified":"2026-03-03T12:32:46","modified_gmt":"2026-03-03T10:32:46","slug":"molinia-arundinacea-karl-foerster","status":"publish","type":"product","link":"https:\/\/dev.garden.ee\/en\/product\/molinia-arundinacea-karl-foerster\/","title":{"rendered":"Molinia arundinacea &#8216;Karl Foerster&#8217;"},"content":{"rendered":"<input class=\"fooboxshare_post_id\" type=\"hidden\" value=\"3515\"\/>","protected":false},"excerpt":{"rendered":"<p>Puhmakujuline k\u00f5rreline. Pikad, peened, lineaarsed lehed, mis muutuvad s\u00fcgisel erk-kollasteks. Suvel on taimel kenad, p\u00fcstised, punased \u00f5ienupud. K\u00f5rgekasvuline ja k\u00fclmale vastupidav sort. Muld olgu hea drenaa\u017eiga, mitte v\u00e4ga rammus. Rammusal pinnal murduvad lehed kergesti. Punased \u00f5iep\u00e4hikud on ka talvises aias kenad vaadata. V\u00f5ib kasvatada bord\u00fc\u00fcrina, hekina, vajab veidi rohkem ruumi, sest ta kasvab koos \u00f5isikutega p\u00e4ris suureks.\u00a0Efektne ka soolotaimena.<\/p>","protected":false},"featured_media":25753,"template":"","meta":[],"product_brand":[],"product_cat":[4407,4400,4415,4401,22],"product_tag":[],"class_list":{"0":"post-3515","1":"product","2":"type-product","3":"status-publish","4":"has-post-thumbnail","6":"product_cat-aasad","7":"product_cat-korrelised","8":"product_cat-lilleaed","9":"product_cat-pusikud","10":"product_cat-taimed","11":"pa_haiguskindlus-hea","12":"pa_moodud-k-15-2-m-l-60-80-cm","13":"pa_oie-varv-pruun","14":"pa_oitsemise-aeg-august-oktoober","15":"pa_talvekindlus-vaga-hea","16":"pa_tsoon-z4-9","17":"pa_variatsioon-suurem-pott","18":"pa_variatsioon-vaiksem-pott","20":"first","21":"outofstock","22":"purchasable","23":"product-type-variable"},"acf":[],"_links":{"self":[{"href":"https:\/\/dev.garden.ee\/en\/wp-json\/wp\/v2\/product\/3515","targetHints":{"allow":["GET"]}}],"collection":[{"href":"https:\/\/dev.garden.ee\/en\/wp-json\/wp\/v2\/product"}],"about":[{"href":"https:\/\/dev.garden.ee\/en\/wp-json\/wp\/v2\/types\/product"}],"wp:featuredmedia":[{"embeddable":true,"href":"https:\/\/dev.garden.ee\/en\/wp-json\/wp\/v2\/media\/25753"}],"wp:attachment":[{"href":"https:\/\/dev.garden.ee\/en\/wp-json\/wp\/v2\/media?parent=3515"}],"wp:term":[{"taxonomy":"product_brand","embeddable":true,"href":"https:\/\/dev.garden.ee\/en\/wp-json\/wp\/v2\/product_brand?post=3515"},{"taxonomy":"product_cat","embeddable":true,"href":"https:\/\/dev.garden.ee\/en\/wp-json\/wp\/v2\/product_cat?post=3515"},{"taxonomy":"product_tag","embeddable":true,"href":"https:\/\/dev.garden.ee\/en\/wp-json\/wp\/v2\/product_tag?post=3515"}],"curies":[{"name":"wp","href":"https:\/\/api.w.org\/{rel}","templated":true}]}}