{"id":3507,"date":"2023-01-18T17:27:10","date_gmt":"2023-01-18T15:27:10","guid":{"rendered":"https:\/\/dev.zezz.ee\/garden\/toode\/miscanthus-sinensis-morning-light\/"},"modified":"2026-03-03T11:35:36","modified_gmt":"2026-03-03T09:35:36","slug":"miscanthus-sinensis-morning-light","status":"publish","type":"product","link":"https:\/\/dev.garden.ee\/en\/product\/miscanthus-sinensis-morning-light\/","title":{"rendered":"Miscanthus sinensis &#8216;Morning Light&#8217;"},"content":{"rendered":"<input class=\"fooboxshare_post_id\" type=\"hidden\" value=\"3507\"\/>","protected":false},"excerpt":{"rendered":"<p>K\u00f5rgekasvuline,\u00a0elegantselt kaarduvate lehtedega, kompaktne\u00a0k\u00f5rreline. Kitsad ja pikad lehed;\u00a0lehe servad on valged, keskel on roheline triip, t\u00e4nu millele j\u00e4tab taim eemalt h\u00f5bedase v\u00f5i helerohelise mulje.\u00a0V\u00f5ib kasvatada nii \u00fcksikuna, kui massi v\u00f5i gruppidena. Punakate, pisikeste \u00f5itega p\u00e4hikud ilmuvad s\u00fcgisel. Kui \u00f5itseb, siis septembris-oktoobris.\u00a0Talveks\u00a0v\u00f5iks\u00a0 mult\u0161ida v\u00f5i taime \u00fcmber kuhjata\u00a0veidi\u00a0puulehti.<\/p>\n<p>Hea kaaslane nii p\u00fcsikutete kui ka p\u00f5\u00f5sastele, n\u00e4iteks hortensiatele.<\/p>","protected":false},"featured_media":3508,"template":"","meta":[],"product_brand":[],"product_cat":[4407,4400,4415,4401,22],"product_tag":[],"class_list":{"0":"post-3507","1":"product","2":"type-product","3":"status-publish","4":"has-post-thumbnail","6":"product_cat-aasad","7":"product_cat-korrelised","8":"product_cat-lilleaed","9":"product_cat-pusikud","10":"product_cat-taimed","11":"pa_haiguskindlus-hea","12":"pa_moodud-k-1-12-m-l-60-cm","13":"pa_oie-varv-punane","14":"pa_oitsemise-aeg-september-oktoober","15":"pa_talvekindlus-hea","16":"pa_tsoon-z-5-9","17":"pa_variatsioon-suurem-pott","18":"pa_variatsioon-vaiksem-pott","20":"first","21":"outofstock","22":"purchasable","23":"product-type-variable"},"acf":[],"_links":{"self":[{"href":"https:\/\/dev.garden.ee\/en\/wp-json\/wp\/v2\/product\/3507","targetHints":{"allow":["GET"]}}],"collection":[{"href":"https:\/\/dev.garden.ee\/en\/wp-json\/wp\/v2\/product"}],"about":[{"href":"https:\/\/dev.garden.ee\/en\/wp-json\/wp\/v2\/types\/product"}],"wp:featuredmedia":[{"embeddable":true,"href":"https:\/\/dev.garden.ee\/en\/wp-json\/wp\/v2\/media\/3508"}],"wp:attachment":[{"href":"https:\/\/dev.garden.ee\/en\/wp-json\/wp\/v2\/media?parent=3507"}],"wp:term":[{"taxonomy":"product_brand","embeddable":true,"href":"https:\/\/dev.garden.ee\/en\/wp-json\/wp\/v2\/product_brand?post=3507"},{"taxonomy":"product_cat","embeddable":true,"href":"https:\/\/dev.garden.ee\/en\/wp-json\/wp\/v2\/product_cat?post=3507"},{"taxonomy":"product_tag","embeddable":true,"href":"https:\/\/dev.garden.ee\/en\/wp-json\/wp\/v2\/product_tag?post=3507"}],"curies":[{"name":"wp","href":"https:\/\/api.w.org\/{rel}","templated":true}]}}