{"id":3502,"date":"2023-01-18T17:27:08","date_gmt":"2023-01-18T15:27:08","guid":{"rendered":"https:\/\/dev.zezz.ee\/garden\/toode\/miscanthus-sinensis-kleine-fontane\/"},"modified":"2026-03-03T11:20:21","modified_gmt":"2026-03-03T09:20:21","slug":"miscanthus-sinensis-kleine-fontane","status":"publish","type":"product","link":"https:\/\/dev.garden.ee\/en\/product\/miscanthus-sinensis-kleine-fontane\/","title":{"rendered":"Miscanthus sinensis &#8216;Kleine Font\u00e4ne&#8217;"},"content":{"rendered":"<input class=\"fooboxshare_post_id\" type=\"hidden\" value=\"3502\"\/>","protected":false},"excerpt":{"rendered":"<p>Suurep\u00e4rane\u00a0ja elegantne k\u00f5rreline.\u00a0Kitsas roheline lehestik, lehe\u00a0keskel jookseb valge triip. V\u00e4ga rikkalik\u00a0oma \u00f5isikute\u00a0poolest, mis p\u00fcsivad l\u00e4bi talve. Uued punakaspruunid, p\u00f6\u00f6risjad ja tutikujulised \u00f5ied on ilusaks taustaks juba h\u00f5bedaseks muutunud \u00f5itele. Taim on p\u00fcstise kasvuga, kompaktne, p\u00f5\u00f5sakujuline. Sobib kaunistama igat aeda nii \u00fcksiku taime kui r\u00fchmade ning hekina. K\u00fclmal ja lumevaesel talvel on talvekate soovitav. Ei talu liigniiskust.<\/p>","protected":false},"featured_media":3503,"template":"","meta":[],"product_brand":[],"product_cat":[4407,4400,4415,4401,22],"product_tag":[],"class_list":{"0":"post-3502","1":"product","2":"type-product","3":"status-publish","4":"has-post-thumbnail","6":"product_cat-aasad","7":"product_cat-korrelised","8":"product_cat-lilleaed","9":"product_cat-pusikud","10":"product_cat-taimed","11":"pa_haiguskindlus-hea","12":"pa_moodud-k-150-cm-l-100-cm","13":"pa_oie-varv-purpurne","14":"pa_oitsemise-aeg-august-september","15":"pa_talvekindlus-hea","16":"pa_tsoon-z-5-9","17":"pa_variatsioon-suurem-pott","18":"pa_variatsioon-vaiksem-pott","20":"first","21":"outofstock","22":"purchasable","23":"product-type-variable"},"acf":[],"_links":{"self":[{"href":"https:\/\/dev.garden.ee\/en\/wp-json\/wp\/v2\/product\/3502","targetHints":{"allow":["GET"]}}],"collection":[{"href":"https:\/\/dev.garden.ee\/en\/wp-json\/wp\/v2\/product"}],"about":[{"href":"https:\/\/dev.garden.ee\/en\/wp-json\/wp\/v2\/types\/product"}],"wp:featuredmedia":[{"embeddable":true,"href":"https:\/\/dev.garden.ee\/en\/wp-json\/wp\/v2\/media\/3503"}],"wp:attachment":[{"href":"https:\/\/dev.garden.ee\/en\/wp-json\/wp\/v2\/media?parent=3502"}],"wp:term":[{"taxonomy":"product_brand","embeddable":true,"href":"https:\/\/dev.garden.ee\/en\/wp-json\/wp\/v2\/product_brand?post=3502"},{"taxonomy":"product_cat","embeddable":true,"href":"https:\/\/dev.garden.ee\/en\/wp-json\/wp\/v2\/product_cat?post=3502"},{"taxonomy":"product_tag","embeddable":true,"href":"https:\/\/dev.garden.ee\/en\/wp-json\/wp\/v2\/product_tag?post=3502"}],"curies":[{"name":"wp","href":"https:\/\/api.w.org\/{rel}","templated":true}]}}