{"id":3494,"date":"2023-01-18T17:27:00","date_gmt":"2023-01-18T15:27:00","guid":{"rendered":"https:\/\/dev.zezz.ee\/garden\/toode\/lampion\/"},"modified":"2026-02-10T12:01:16","modified_gmt":"2026-02-10T10:01:16","slug":"lampion","status":"publish","type":"product","link":"https:\/\/dev.garden.ee\/en\/product\/lampion\/","title":{"rendered":"Lampion\u00ae"},"content":{"rendered":"<input class=\"fooboxshare_post_id\" type=\"hidden\" value=\"3494\"\/>","protected":false},"excerpt":{"rendered":"<p>Kiirekasvuline floribundroos. P\u00f5\u00f5sas puhmjas ja tugeva vormiga. Keskmise suurusega s\u00fcgavkollased \u00f5ied on v\u00e4ga t\u00e4idetud, v\u00e4limistel kroonlehtedel on \u00fcllatuselemendina sisse toodud erkpunane kontrast. \u00d5ied paiknevad tihedalt. Tavap\u00e4raselt on \u00fchel varrel \u00fcks p\u00f5hi\u00f5is ning 3-4 k\u00f5rval\u00f5it. Lehestik on tervisest pakatav, tumeroheline, l\u00e4ikiv ja j\u00f5uline. Hea vaasiroos. Sobib kasvatada ka konteineris.<\/p>","protected":false},"featured_media":3495,"template":"","meta":[],"product_brand":[],"product_cat":[9637,4415,4413,4416,4402,22],"product_tag":[9417],"class_list":{"0":"post-3494","1":"product","2":"type-product","3":"status-publish","4":"has-post-thumbnail","6":"product_cat-istutuskast","7":"product_cat-lilleaed","8":"product_cat-loikelilleaed","9":"product_cat-roosiaed","10":"product_cat-roosid","11":"product_cat-taimed","12":"product_tag-soodushind-50","13":"pa_aretus-rosen-tantau","14":"pa_avalikustamisaasta-351","15":"pa_haiguskindlus-vaga-hea","16":"pa_kasvukorgus-70-90-cm","17":"pa_kollektsioon-fantasia","18":"pa_laius-50-cm","19":"pa_lisainfo-sobilik-istutuskasti-jaoks","20":"pa_lisainfo-sobib-loikelilleks","21":"pa_lohn-orn","22":"pa_oie-suurus-keskmine","23":"pa_oie-varv-kollane","24":"pa_oietuup-taidisois","25":"pa_oitsemine-korduvalt-oitsev","26":"pa_sort-floribund-ehk-paljuoieline-roos","27":"pa_taimede-arvestus-ruutmeetri-4-5","28":"pa_talvekindlus-vaga-hea","29":"pa_variatsioon-potis-2l-kevadel","30":"pa_variatsioon-potis-4-6l","31":"pa_variatsioon-potis-4-6l-suvel-ja-sugisel","33":"first","34":"outofstock","35":"sale","36":"purchasable","37":"product-type-variable"},"acf":[],"_links":{"self":[{"href":"https:\/\/dev.garden.ee\/en\/wp-json\/wp\/v2\/product\/3494","targetHints":{"allow":["GET"]}}],"collection":[{"href":"https:\/\/dev.garden.ee\/en\/wp-json\/wp\/v2\/product"}],"about":[{"href":"https:\/\/dev.garden.ee\/en\/wp-json\/wp\/v2\/types\/product"}],"wp:featuredmedia":[{"embeddable":true,"href":"https:\/\/dev.garden.ee\/en\/wp-json\/wp\/v2\/media\/3495"}],"wp:attachment":[{"href":"https:\/\/dev.garden.ee\/en\/wp-json\/wp\/v2\/media?parent=3494"}],"wp:term":[{"taxonomy":"product_brand","embeddable":true,"href":"https:\/\/dev.garden.ee\/en\/wp-json\/wp\/v2\/product_brand?post=3494"},{"taxonomy":"product_cat","embeddable":true,"href":"https:\/\/dev.garden.ee\/en\/wp-json\/wp\/v2\/product_cat?post=3494"},{"taxonomy":"product_tag","embeddable":true,"href":"https:\/\/dev.garden.ee\/en\/wp-json\/wp\/v2\/product_tag?post=3494"}],"curies":[{"name":"wp","href":"https:\/\/api.w.org\/{rel}","templated":true}]}}