{"id":3482,"date":"2023-01-18T17:26:52","date_gmt":"2023-01-18T15:26:52","guid":{"rendered":"https:\/\/dev.zezz.ee\/garden\/toode\/hakonechloa-macra\/"},"modified":"2026-02-24T16:46:53","modified_gmt":"2026-02-24T14:46:53","slug":"hakonechloa-macra","status":"publish","type":"product","link":"https:\/\/dev.garden.ee\/en\/product\/hakonechloa-macra\/","title":{"rendered":"Hakonechloa macra"},"content":{"rendered":"<input class=\"fooboxshare_post_id\" type=\"hidden\" value=\"3482\"\/>","protected":false},"excerpt":{"rendered":"<p>Tegemist on aeglaselt laieneva, laiuva kuhikuna kasvava, pool-igihalja k\u00f5rrelisega. Oma erkrohelise lehestikuga ja laimiroheliste \u00f5itega muudab istutuse kergelt voogavaks. Sobilik \u00e4\u00e4ristus- ja pinnakattetaim. Kasvatatakse p\u00f5hiliselt tema dekoratiivse lehestiku p\u00e4rast, mis s\u00fcgise saabudes muutub pronkspruuniks. Aeglase kasvuga taim, ta j\u00e4\u00e4bki suhteliselt madalakasvuliseks, umbes 30-40 cm. Kasvupind v\u00f5iks olla huumusrikas ja niiskemapoolne, kasvukoht pigem poolvarjuline. Istutada v\u00f5ib r\u00fchmiti v\u00f5i massina. Sobitada v\u00f5ib madalakasvuliste hostasortidega v\u00f5i teiste dekoratiivsete k\u00f5rrelistega.<\/p>","protected":false},"featured_media":3483,"template":"","meta":[],"product_brand":[],"product_cat":[4400,4406,9200,4401,4412,22],"product_tag":[],"class_list":{"0":"post-3482","1":"product","2":"type-product","3":"status-publish","4":"has-post-thumbnail","6":"product_cat-korrelised","7":"product_cat-park","8":"product_cat-pinnakatjad","9":"product_cat-pusikud","10":"product_cat-varjuaed","11":"product_cat-taimed","12":"pa_haiguskindlus-hea","13":"pa_moodud-k-30-cm-l-35-cm","14":"pa_oie-varv-roheline","15":"pa_oitsemise-aeg-august","16":"pa_talvekindlus-hea","17":"pa_tsoon-5-9","18":"pa_variatsioon-suurem-pott","19":"pa_variatsioon-vaiksem-pott","21":"first","22":"onbackorder","23":"taxable","24":"shipping-taxable","25":"purchasable","26":"product-type-variable"},"acf":[],"_links":{"self":[{"href":"https:\/\/dev.garden.ee\/en\/wp-json\/wp\/v2\/product\/3482","targetHints":{"allow":["GET"]}}],"collection":[{"href":"https:\/\/dev.garden.ee\/en\/wp-json\/wp\/v2\/product"}],"about":[{"href":"https:\/\/dev.garden.ee\/en\/wp-json\/wp\/v2\/types\/product"}],"wp:featuredmedia":[{"embeddable":true,"href":"https:\/\/dev.garden.ee\/en\/wp-json\/wp\/v2\/media\/3483"}],"wp:attachment":[{"href":"https:\/\/dev.garden.ee\/en\/wp-json\/wp\/v2\/media?parent=3482"}],"wp:term":[{"taxonomy":"product_brand","embeddable":true,"href":"https:\/\/dev.garden.ee\/en\/wp-json\/wp\/v2\/product_brand?post=3482"},{"taxonomy":"product_cat","embeddable":true,"href":"https:\/\/dev.garden.ee\/en\/wp-json\/wp\/v2\/product_cat?post=3482"},{"taxonomy":"product_tag","embeddable":true,"href":"https:\/\/dev.garden.ee\/en\/wp-json\/wp\/v2\/product_tag?post=3482"}],"curies":[{"name":"wp","href":"https:\/\/api.w.org\/{rel}","templated":true}]}}