{"id":3477,"date":"2023-01-18T17:26:50","date_gmt":"2023-01-18T15:26:50","guid":{"rendered":"https:\/\/dev.zezz.ee\/garden\/toode\/hakonechloa-macra-aureola\/"},"modified":"2026-02-24T17:19:24","modified_gmt":"2026-02-24T15:19:24","slug":"hakonechloa-macra-aureola","status":"publish","type":"product","link":"https:\/\/dev.garden.ee\/en\/product\/hakonechloa-macra-aureola\/","title":{"rendered":"Hakonechloa macra &#8216;Aureola&#8217;"},"content":{"rendered":"<input class=\"fooboxshare_post_id\" type=\"hidden\" value=\"3477\"\/>","protected":false},"excerpt":{"rendered":"<p>Tegemist on kompaktse, puhmakujuliselt kasvava k\u00f5rrelisega, millel on poolkitsad, kaardus, rohelise-kollasev\u00f6\u00f6dilised lehed, mis muutuvad hiliss\u00fcgisel punakaks. \u00dcks v\u00e4hestest k\u00f5rrelistest\u00a0ka varjulisemasse aeda.\u00a0Talvel v\u00f5i varakevadel tuleks\u00a0koltunud lehed \u00e4ra l\u00f5igata. Taim on aeglase kasvuga. \u00d5ied on t\u00e4htsusetud, kasvatatakse\u00a0hoopis atraktiivse lehestiku p\u00e4rast. Valitud Aasta P\u00fcsikuks 2009 aastal. Kasvupind v\u00f5iks olla niiskemapoolne, neutraalne v\u00f5i kergelt happeline.<\/p>\n<p>Kauni tulemuse saab, kui istutada k\u00f5rvuti nt madalamakasvuliste hostadega.<\/p>","protected":false},"featured_media":3478,"template":"","meta":[],"product_brand":[],"product_cat":[4400,4406,4401,4412,22],"product_tag":[],"class_list":{"0":"post-3477","1":"product","2":"type-product","3":"status-publish","4":"has-post-thumbnail","6":"product_cat-korrelised","7":"product_cat-park","8":"product_cat-pusikud","9":"product_cat-varjuaed","10":"product_cat-taimed","11":"pa_haiguskindlus-hea","12":"pa_moodud-k-25-cm-l-45-cm","13":"pa_oitsemise-aeg-august","14":"pa_talvekindlus-hea","15":"pa_tsoon-5-9","16":"pa_variatsioon-suurem-pott","17":"pa_variatsioon-vaiksem-pott","19":"first","20":"instock","21":"purchasable","22":"product-type-variable"},"acf":[],"_links":{"self":[{"href":"https:\/\/dev.garden.ee\/en\/wp-json\/wp\/v2\/product\/3477","targetHints":{"allow":["GET"]}}],"collection":[{"href":"https:\/\/dev.garden.ee\/en\/wp-json\/wp\/v2\/product"}],"about":[{"href":"https:\/\/dev.garden.ee\/en\/wp-json\/wp\/v2\/types\/product"}],"wp:featuredmedia":[{"embeddable":true,"href":"https:\/\/dev.garden.ee\/en\/wp-json\/wp\/v2\/media\/3478"}],"wp:attachment":[{"href":"https:\/\/dev.garden.ee\/en\/wp-json\/wp\/v2\/media?parent=3477"}],"wp:term":[{"taxonomy":"product_brand","embeddable":true,"href":"https:\/\/dev.garden.ee\/en\/wp-json\/wp\/v2\/product_brand?post=3477"},{"taxonomy":"product_cat","embeddable":true,"href":"https:\/\/dev.garden.ee\/en\/wp-json\/wp\/v2\/product_cat?post=3477"},{"taxonomy":"product_tag","embeddable":true,"href":"https:\/\/dev.garden.ee\/en\/wp-json\/wp\/v2\/product_tag?post=3477"}],"curies":[{"name":"wp","href":"https:\/\/api.w.org\/{rel}","templated":true}]}}