{"id":3464,"date":"2023-01-18T17:26:42","date_gmt":"2023-01-18T15:26:42","guid":{"rendered":"https:\/\/dev.zezz.ee\/garden\/toode\/helenium-wyndley\/"},"modified":"2026-02-24T17:53:23","modified_gmt":"2026-02-24T15:53:23","slug":"helenium-wyndley","status":"publish","type":"product","link":"https:\/\/dev.garden.ee\/en\/product\/helenium-wyndley\/","title":{"rendered":"Helenium &#8216;Wyndley&#8217;"},"content":{"rendered":"<input class=\"fooboxshare_post_id\" type=\"hidden\" value=\"3464\"\/>","protected":false},"excerpt":{"rendered":"<p>P\u00fcstiste tugevate vartega, puhmast moodustav, keskmist kasvu p\u00fcsilill. \u00d5ied on k\u00fcllaltki suured, margareeta sarnased, keskelt s\u00e4ravpruuni s\u00fcdamikuga. \u00d5ie v\u00e4rv varieerub s\u00fcgavkollasest pronksiv\u00e4rvini. Lehestik kohev, terve ja tumeroheline. N\u00e4rbunud \u00f5isikuvarred tuleks \u00e4ra l\u00f5igata, see ergutab uut \u00f5itsemist. Lihtsalt kasvatatav taim, talle sobib eelk\u00f5ige m\u00e4rjemapoolsem pinnas, tavaline aiamuld. Tavaliselt tuge ei vaja. Liblikate ja kasulike aiamutukate lemmik. Haigused \u00fcldjuhul teda ei kimbuta. Sobib \u00fclih\u00e4sti p\u00fcsikute peenrasse, maakodu-aeda. Heleeniumid on natuke hilisemad \u00f5itsejad. Selle eest \u00f5itsevad kuni k\u00fclmadeni v\u00e4lja. Meie tingimustes v\u00e4ga head talvitujad.<\/p>\n<p>Hooldus: S\u00fcgisel v\u00f5ib kuivanud varred k\u00f5ik maani maha l\u00f5igata. Kevadel alustab uute kasvudega.<\/p>\n<p>Kaaslastena sobivad nt\u00a0<em>Stipa gigantea ja\u00a0Phlox paniculata<\/em> &#8216;Blue Paradise&#8217;.<\/p>","protected":false},"featured_media":3465,"template":"","meta":[],"product_brand":[],"product_cat":[4415,4413,6934,4401,22],"product_tag":[],"class_list":{"0":"post-3464","1":"product","2":"type-product","3":"status-publish","4":"has-post-thumbnail","6":"product_cat-lilleaed","7":"product_cat-loikelilleaed","8":"product_cat-mesilassobralik-aed","9":"product_cat-pusikud","10":"product_cat-taimed","11":"pa_haiguskindlus-hea","12":"pa_moodud-k-80-100-cm-l-50-70-cm","13":"pa_oie-varv-kollane","14":"pa_oitsemise-aeg-august-oktoober","15":"pa_talvekindlus-vaga-hea","16":"pa_tsoon-z-4-9","17":"pa_variatsioon-suurem-pott","18":"pa_variatsioon-vaiksem-pott","20":"first","21":"instock","22":"purchasable","23":"product-type-variable"},"acf":[],"_links":{"self":[{"href":"https:\/\/dev.garden.ee\/en\/wp-json\/wp\/v2\/product\/3464","targetHints":{"allow":["GET"]}}],"collection":[{"href":"https:\/\/dev.garden.ee\/en\/wp-json\/wp\/v2\/product"}],"about":[{"href":"https:\/\/dev.garden.ee\/en\/wp-json\/wp\/v2\/types\/product"}],"wp:featuredmedia":[{"embeddable":true,"href":"https:\/\/dev.garden.ee\/en\/wp-json\/wp\/v2\/media\/3465"}],"wp:attachment":[{"href":"https:\/\/dev.garden.ee\/en\/wp-json\/wp\/v2\/media?parent=3464"}],"wp:term":[{"taxonomy":"product_brand","embeddable":true,"href":"https:\/\/dev.garden.ee\/en\/wp-json\/wp\/v2\/product_brand?post=3464"},{"taxonomy":"product_cat","embeddable":true,"href":"https:\/\/dev.garden.ee\/en\/wp-json\/wp\/v2\/product_cat?post=3464"},{"taxonomy":"product_tag","embeddable":true,"href":"https:\/\/dev.garden.ee\/en\/wp-json\/wp\/v2\/product_tag?post=3464"}],"curies":[{"name":"wp","href":"https:\/\/api.w.org\/{rel}","templated":true}]}}