{"id":3452,"date":"2023-01-18T17:26:35","date_gmt":"2023-01-18T15:26:35","guid":{"rendered":"https:\/\/dev.zezz.ee\/garden\/toode\/miscanthus-sinensis-gracillimus\/"},"modified":"2026-03-03T11:09:23","modified_gmt":"2026-03-03T09:09:23","slug":"miscanthus-sinensis-gracillimus","status":"publish","type":"product","link":"https:\/\/dev.garden.ee\/en\/product\/miscanthus-sinensis-gracillimus\/","title":{"rendered":"Miscanthus sinensis &#8216;Gracillimus&#8217;"},"content":{"rendered":"<input class=\"fooboxshare_post_id\" type=\"hidden\" value=\"3452\"\/>","protected":false},"excerpt":{"rendered":"<p>Peened, sirged, erkrohelised, elegantselt p\u00fcstise hoiakuga lehed, mille tipud kaarduvad kenasti allapoole. \u00dcks elegantseima kasvukujuga k\u00f5rreline \u00fcldse, hoiab oma vormi suurep\u00e4raselt.\u00a0K\u00fclmade tulekul muutub lehestik kollakaks, talve jooksul v\u00e4rvus pleekub aga heledamaks bee\u017eiks. Taime \u00f5itseaeg j\u00e4\u00e4b s\u00fcgisesse, oktoobrisse. Ei pruugi meil j\u00f5udagi \u00f5itseda, kuid lehestik on see-eest atraktiivne aastaringselt. Ei tohiks istutada liigniiskesse kohta, kus ta v\u00f5ib talvel l\u00e4bij\u00e4\u00e4tumisel hukkuda. Kasvab p\u00e4ris v\u00f5imsaks, seega tuleks valida talle ruumikas kasvukoht, p\u00e4ikesek\u00fcllasel alal.<\/p>","protected":false},"featured_media":3453,"template":"","meta":[],"product_brand":[],"product_cat":[4407,4400,4415,4401,22],"product_tag":[],"class_list":{"0":"post-3452","1":"product","2":"type-product","3":"status-publish","4":"has-post-thumbnail","6":"product_cat-aasad","7":"product_cat-korrelised","8":"product_cat-lilleaed","9":"product_cat-pusikud","10":"product_cat-taimed","11":"pa_haiguskindlus-hea","12":"pa_moodud-k-12-m-l-45-60-cm","13":"pa_oie-varv-purpurne","14":"pa_oitsemise-aeg-september-oktoober","15":"pa_talvekindlus-hea","16":"pa_tsoon-z-5-9","17":"pa_variatsioon-suurem-pott","18":"pa_variatsioon-vaiksem-pott","20":"first","21":"outofstock","22":"purchasable","23":"product-type-variable"},"acf":[],"_links":{"self":[{"href":"https:\/\/dev.garden.ee\/en\/wp-json\/wp\/v2\/product\/3452","targetHints":{"allow":["GET"]}}],"collection":[{"href":"https:\/\/dev.garden.ee\/en\/wp-json\/wp\/v2\/product"}],"about":[{"href":"https:\/\/dev.garden.ee\/en\/wp-json\/wp\/v2\/types\/product"}],"wp:featuredmedia":[{"embeddable":true,"href":"https:\/\/dev.garden.ee\/en\/wp-json\/wp\/v2\/media\/3453"}],"wp:attachment":[{"href":"https:\/\/dev.garden.ee\/en\/wp-json\/wp\/v2\/media?parent=3452"}],"wp:term":[{"taxonomy":"product_brand","embeddable":true,"href":"https:\/\/dev.garden.ee\/en\/wp-json\/wp\/v2\/product_brand?post=3452"},{"taxonomy":"product_cat","embeddable":true,"href":"https:\/\/dev.garden.ee\/en\/wp-json\/wp\/v2\/product_cat?post=3452"},{"taxonomy":"product_tag","embeddable":true,"href":"https:\/\/dev.garden.ee\/en\/wp-json\/wp\/v2\/product_tag?post=3452"}],"curies":[{"name":"wp","href":"https:\/\/api.w.org\/{rel}","templated":true}]}}