{"id":3443,"date":"2023-01-18T17:26:30","date_gmt":"2023-01-18T15:26:30","guid":{"rendered":"https:\/\/dev.zezz.ee\/garden\/toode\/matteuccia-struthiopteris\/"},"modified":"2026-03-02T20:28:03","modified_gmt":"2026-03-02T18:28:03","slug":"matteuccia-struthiopteris","status":"publish","type":"product","link":"https:\/\/dev.garden.ee\/en\/product\/matteuccia-struthiopteris\/","title":{"rendered":"Matteuccia struthiopteris"},"content":{"rendered":"<input class=\"fooboxshare_post_id\" type=\"hidden\" value=\"3443\"\/>","protected":false},"excerpt":{"rendered":"<p>Kaunis heitlehine s\u00f5najalg, mis moodustab j\u00e4ikadest leherosetikestest suuremaid kolooniaid. Ereroheline lehestik meenutab hiiglaslikult kohevaid jaanalinnu sabasid, need on kenasti moodustanud korrap\u00e4rase lehtri. Levib maa-aluse risoomi abil. Oluline on, et taime juured l\u00e4bi ei kuivaks. Taim on suurep\u00e4raseks aksendiks varjuaeda v\u00f5i tagap\u00f5hjaks teistele madalamatele varjutaimedele. M\u00f5jub kaunina suurema massistutusena. Vajab kasvamiseks ruumi. Sobib loodusaeda, maakodu-aeda. P\u00f5drad pigem v\u00e4ldivad seda taime.<\/p>","protected":false},"featured_media":3444,"template":"","meta":[],"product_brand":[],"product_cat":[4406,4401,4399,4412,22],"product_tag":[],"class_list":{"0":"post-3443","1":"product","2":"type-product","3":"status-publish","4":"has-post-thumbnail","6":"product_cat-park","7":"product_cat-pusikud","8":"product_cat-sonajalad","9":"product_cat-varjuaed","10":"product_cat-taimed","11":"pa_haiguskindlus-vaga-hea","12":"pa_moodud-k-1-m-l-70-80-cm","13":"pa_talvekindlus-vaga-hea","14":"pa_tsoon-2-10","15":"pa_variatsioon-suurem-pott","16":"pa_variatsioon-vaiksem-pott","18":"first","19":"outofstock","20":"purchasable","21":"product-type-variable"},"acf":[],"_links":{"self":[{"href":"https:\/\/dev.garden.ee\/en\/wp-json\/wp\/v2\/product\/3443","targetHints":{"allow":["GET"]}}],"collection":[{"href":"https:\/\/dev.garden.ee\/en\/wp-json\/wp\/v2\/product"}],"about":[{"href":"https:\/\/dev.garden.ee\/en\/wp-json\/wp\/v2\/types\/product"}],"wp:featuredmedia":[{"embeddable":true,"href":"https:\/\/dev.garden.ee\/en\/wp-json\/wp\/v2\/media\/3444"}],"wp:attachment":[{"href":"https:\/\/dev.garden.ee\/en\/wp-json\/wp\/v2\/media?parent=3443"}],"wp:term":[{"taxonomy":"product_brand","embeddable":true,"href":"https:\/\/dev.garden.ee\/en\/wp-json\/wp\/v2\/product_brand?post=3443"},{"taxonomy":"product_cat","embeddable":true,"href":"https:\/\/dev.garden.ee\/en\/wp-json\/wp\/v2\/product_cat?post=3443"},{"taxonomy":"product_tag","embeddable":true,"href":"https:\/\/dev.garden.ee\/en\/wp-json\/wp\/v2\/product_tag?post=3443"}],"curies":[{"name":"wp","href":"https:\/\/api.w.org\/{rel}","templated":true}]}}