{"id":3429,"date":"2023-01-18T17:26:22","date_gmt":"2023-01-18T15:26:22","guid":{"rendered":"https:\/\/dev.zezz.ee\/garden\/toode\/malva-moschata\/"},"modified":"2026-03-02T20:24:38","modified_gmt":"2026-03-02T18:24:38","slug":"malva-moschata","status":"publish","type":"product","link":"https:\/\/dev.garden.ee\/en\/product\/malva-moschata\/","title":{"rendered":"Malva moschata"},"content":{"rendered":"<input class=\"fooboxshare_post_id\" type=\"hidden\" value=\"3429\"\/>","protected":false},"excerpt":{"rendered":"<p>Muskusl\u00f5hnalised, roosad, alustassi kujulised \u00f5ied asuvad koheva lehestiku \u00fclemises osas. Viie kroonlehega \u00f5ite keskel on pisikesed heledamad tolmukad. \u00d5ied ilmuvad nii \u00fcksikult kui ka kobaratena. Aromaatne on ka taime lehestik, eriti tugeva aroomi saab, kui n\u00e4iteks lehestikku s\u00f5rmede vahel muljuda. Muskus-kassinaerised on tokkroosi sugulased. V\u00e4ga lihtne kasvatada, teevad edukalt isek\u00fclvi. Noored taimed on k\u00f5ige kaunima kompaktse kujuga, k\u00f5ige agaramad \u00f5itsejad. Kui taim nii-\u00f6elda v\u00e4lja venib, on hea teha tugev tagasil\u00f5ikus v\u00f5i veel parem on kasvatada seemnetest k\u00fclvanud uued taimed. Nii saab j\u00e4rjepidevalt taimedel \u00f5itseda lasta kogu suve. See p\u00fcsik on ka k\u00fclmakindel, s\u00fcgisel kasvama j\u00e4\u00e4nud noored taimed elavad kenasti talve \u00fcle ning hakkavad \u00f5itsema juba enne jaanip\u00e4eva.<\/p>","protected":false},"featured_media":3430,"template":"","meta":[],"product_brand":[],"product_cat":[4415,6934,4401,22],"product_tag":[],"class_list":{"0":"post-3429","1":"product","2":"type-product","3":"status-publish","4":"has-post-thumbnail","6":"product_cat-lilleaed","7":"product_cat-mesilassobralik-aed","8":"product_cat-pusikud","9":"product_cat-taimed","10":"pa_haiguskindlus-hea","11":"pa_moodud-k-45-60-cm-l-35-45-cm","12":"pa_oie-varv-lilla","13":"pa_oitsemise-aeg-juuni-september","14":"pa_talvekindlus-vaga-hea","15":"pa_tsoon-z-3-9","16":"pa_variatsioon-suurem-pott","17":"pa_variatsioon-vaiksem-pott","19":"first","20":"outofstock","21":"purchasable","22":"product-type-variable"},"acf":[],"_links":{"self":[{"href":"https:\/\/dev.garden.ee\/en\/wp-json\/wp\/v2\/product\/3429","targetHints":{"allow":["GET"]}}],"collection":[{"href":"https:\/\/dev.garden.ee\/en\/wp-json\/wp\/v2\/product"}],"about":[{"href":"https:\/\/dev.garden.ee\/en\/wp-json\/wp\/v2\/types\/product"}],"wp:featuredmedia":[{"embeddable":true,"href":"https:\/\/dev.garden.ee\/en\/wp-json\/wp\/v2\/media\/3430"}],"wp:attachment":[{"href":"https:\/\/dev.garden.ee\/en\/wp-json\/wp\/v2\/media?parent=3429"}],"wp:term":[{"taxonomy":"product_brand","embeddable":true,"href":"https:\/\/dev.garden.ee\/en\/wp-json\/wp\/v2\/product_brand?post=3429"},{"taxonomy":"product_cat","embeddable":true,"href":"https:\/\/dev.garden.ee\/en\/wp-json\/wp\/v2\/product_cat?post=3429"},{"taxonomy":"product_tag","embeddable":true,"href":"https:\/\/dev.garden.ee\/en\/wp-json\/wp\/v2\/product_tag?post=3429"}],"curies":[{"name":"wp","href":"https:\/\/api.w.org\/{rel}","templated":true}]}}