{"id":3412,"date":"2023-01-18T17:26:11","date_gmt":"2023-01-18T15:26:11","guid":{"rendered":"https:\/\/dev.zezz.ee\/garden\/toode\/liriope-muscari-ingwersen\/"},"modified":"2026-03-02T11:15:16","modified_gmt":"2026-03-02T09:15:16","slug":"liriope-muscari-ingwersen","status":"publish","type":"product","link":"https:\/\/dev.garden.ee\/en\/product\/liriope-muscari-ingwersen\/","title":{"rendered":"Liriope muscari &#8216;Ingwersen&#8217;"},"content":{"rendered":"<input class=\"fooboxshare_post_id\" type=\"hidden\" value=\"3412\"\/>","protected":false},"excerpt":{"rendered":"<p>Kaardus, laiema l\u00e4ikiva tumerohelise lehestikuga, igihaljas p\u00fcsilill. \u00dcmar pallike k\u00fcll laieneb, kuid sellist agresiivset levikut nagu Liriopespicata puhul, ei toimu. Suve l\u00f5pu poole kerkivad \u00fcle pikkade kitsaste ja elegantselt kaarduvate lehtede p\u00fcstise ehitusega edevad lillakaspurpursed \u00f5isikud. \u00d5ied meenutavad kobarh\u00fcatsinti (Muscari), sellest tulenevalt valiti taimele ka sordinimetus. \u00d5itest valmivad valmivad mustjad marjad, mis suudavad vastu pidada ka talvek\u00fclmas. Kuigi ta on hea k\u00fclmakindlusega taim, on soovitav ikkagi talveks katta. Kasvab edukalt poolvarjus, isegi varjulisemas paigas. Kena tulemus, kui istutada r\u00fchmadena. Sobib h\u00e4sti pinnakatjaks v\u00f5i teeraja \u00e4\u00e4ristuseks.<\/p>","protected":false},"featured_media":3413,"template":"","meta":[],"product_brand":[],"product_cat":[4415,4406,9200,4401,4412,22],"product_tag":[],"class_list":{"0":"post-3412","1":"product","2":"type-product","3":"status-publish","4":"has-post-thumbnail","6":"product_cat-lilleaed","7":"product_cat-park","8":"product_cat-pinnakatjad","9":"product_cat-pusikud","10":"product_cat-varjuaed","11":"product_cat-taimed","12":"pa_haiguskindlus-hea","13":"pa_moodud-k-20-40-cm-l-20-40-cm","14":"pa_oie-varv-lilla","15":"pa_oitsemise-aeg-august-september","16":"pa_talvekindlus-hea","17":"pa_tsoon-5-10","18":"pa_variatsioon-suurem-pott","19":"pa_variatsioon-vaiksem-pott","21":"first","22":"outofstock","23":"purchasable","24":"product-type-variable"},"acf":[],"_links":{"self":[{"href":"https:\/\/dev.garden.ee\/en\/wp-json\/wp\/v2\/product\/3412","targetHints":{"allow":["GET"]}}],"collection":[{"href":"https:\/\/dev.garden.ee\/en\/wp-json\/wp\/v2\/product"}],"about":[{"href":"https:\/\/dev.garden.ee\/en\/wp-json\/wp\/v2\/types\/product"}],"wp:featuredmedia":[{"embeddable":true,"href":"https:\/\/dev.garden.ee\/en\/wp-json\/wp\/v2\/media\/3413"}],"wp:attachment":[{"href":"https:\/\/dev.garden.ee\/en\/wp-json\/wp\/v2\/media?parent=3412"}],"wp:term":[{"taxonomy":"product_brand","embeddable":true,"href":"https:\/\/dev.garden.ee\/en\/wp-json\/wp\/v2\/product_brand?post=3412"},{"taxonomy":"product_cat","embeddable":true,"href":"https:\/\/dev.garden.ee\/en\/wp-json\/wp\/v2\/product_cat?post=3412"},{"taxonomy":"product_tag","embeddable":true,"href":"https:\/\/dev.garden.ee\/en\/wp-json\/wp\/v2\/product_tag?post=3412"}],"curies":[{"name":"wp","href":"https:\/\/api.w.org\/{rel}","templated":true}]}}