{"id":3404,"date":"2023-01-18T17:26:04","date_gmt":"2023-01-18T15:26:04","guid":{"rendered":"https:\/\/dev.zezz.ee\/garden\/toode\/melissa-officinalis\/"},"modified":"2026-03-02T20:48:43","modified_gmt":"2026-03-02T18:48:43","slug":"melissa-officinalis","status":"publish","type":"product","link":"https:\/\/dev.garden.ee\/en\/product\/melissa-officinalis\/","title":{"rendered":"Melissa officinalis"},"content":{"rendered":"<input class=\"fooboxshare_post_id\" type=\"hidden\" value=\"3404\"\/>","protected":false},"excerpt":{"rendered":"<p>Meeldivalt sidrunimaitseliste ning aromaatsete lehtedega melissi puhul on tegemist rahvale tuntud maitse- ning ravimtaimega. Lehed on terve v\u00e4limusega, sakiliste servadega, p\u00e4risrohelised. \u00d5ied on tillukesed, valkjaskollased, aga mesilased ja liblikad on neile v\u00e4ga maiad. Ravivat \u00fcrti kogutakse enne \u00f5itsemist. Melissi saab paljundada juurev\u00f5sudega. Istutamisel tuleks valida osalise varjuga koht. Sobib nii \u00fcrdiaeda kui p\u00fcsikupeenrasse. Taime lehti kasutatakse toidu maitsestamisel ning tee valmistamiseks nii v\u00e4rskelt kui ka kuivatatuna. Taimel on mitmeid raviomadusi.\u00a0Teel on valuvaigistav, rahustav ning seedimist parandav toime. V\u00e4idetavalt pidavat taim eemale peletama s\u00e4\u00e4ski ning sipelgaid. Seet\u00f5ttu v\u00f5ib proovida tavap\u00e4raste vahendite asemel keha h\u00f5\u00f5ruda hoopiski aromaatse lehestikuga. Peale valusa kurgu peaks taim leevendama ka peavalusid, kergeid uneh\u00e4ireid, depressiooni. Kuna taim sisaldab pol\u00fcfenoole, siis aitab ta v\u00f5idelda ka k\u00fclmavillide vastu. Kui peale \u00f5itsemist taime korralikult k\u00e4rpida, on oodata uusi v\u00e4rskeid v\u00f5rseid.<\/p>","protected":false},"featured_media":3405,"template":"","meta":[],"product_brand":[],"product_cat":[4401,4410,4411,4393,22],"product_tag":[],"class_list":{"0":"post-3404","1":"product","2":"type-product","3":"status-publish","4":"has-post-thumbnail","6":"product_cat-pusikud","7":"product_cat-tarbeaed","8":"product_cat-urdiaed","9":"product_cat-urdid","10":"product_cat-taimed","11":"pa_haiguskindlus-vaga-hea","12":"pa_lohn-lohnav","13":"pa_moodud-k-50-70-cm-l-30-cm","14":"pa_oie-varv-valge","15":"pa_oitsemise-aeg-juuni-august","16":"pa_talvekindlus-vaga-hea","17":"pa_tsoon-3-9","18":"pa_variatsioon-suurem-pott","19":"pa_variatsioon-vaiksem-pott","21":"first","22":"outofstock","23":"purchasable","24":"product-type-variable"},"acf":[],"_links":{"self":[{"href":"https:\/\/dev.garden.ee\/en\/wp-json\/wp\/v2\/product\/3404","targetHints":{"allow":["GET"]}}],"collection":[{"href":"https:\/\/dev.garden.ee\/en\/wp-json\/wp\/v2\/product"}],"about":[{"href":"https:\/\/dev.garden.ee\/en\/wp-json\/wp\/v2\/types\/product"}],"wp:featuredmedia":[{"embeddable":true,"href":"https:\/\/dev.garden.ee\/en\/wp-json\/wp\/v2\/media\/3405"}],"wp:attachment":[{"href":"https:\/\/dev.garden.ee\/en\/wp-json\/wp\/v2\/media?parent=3404"}],"wp:term":[{"taxonomy":"product_brand","embeddable":true,"href":"https:\/\/dev.garden.ee\/en\/wp-json\/wp\/v2\/product_brand?post=3404"},{"taxonomy":"product_cat","embeddable":true,"href":"https:\/\/dev.garden.ee\/en\/wp-json\/wp\/v2\/product_cat?post=3404"},{"taxonomy":"product_tag","embeddable":true,"href":"https:\/\/dev.garden.ee\/en\/wp-json\/wp\/v2\/product_tag?post=3404"}],"curies":[{"name":"wp","href":"https:\/\/api.w.org\/{rel}","templated":true}]}}