{"id":3400,"date":"2023-01-18T17:26:00","date_gmt":"2023-01-18T15:26:00","guid":{"rendered":"https:\/\/dev.zezz.ee\/garden\/toode\/hemerocallis-free-wheelin\/"},"modified":"2026-02-25T18:08:21","modified_gmt":"2026-02-25T16:08:21","slug":"hemerocallis-free-wheelin","status":"publish","type":"product","link":"https:\/\/dev.garden.ee\/en\/product\/hemerocallis-free-wheelin\/","title":{"rendered":"Hemerocallis &#8216;Free Wheelin&#8217;"},"content":{"rendered":"<input class=\"fooboxshare_post_id\" type=\"hidden\" value=\"3400\"\/>","protected":false},"excerpt":{"rendered":"<p>P\u00e4ikeselemb p\u00e4evaliilia. Pikalt harali sirutuvad kergelt lokilise \u00e4\u00e4rega kroonlehed on kaetud p\u00f5nevate v\u00e4rvitoonide seguga, kus m\u00e4nglevad kreemjaskollane koos burgundia punasega ning t\u00e4ienduseks veel emeraldroheline s\u00fcdamik. Kuigi \u00fcks \u00f5is p\u00fcsib vaid p\u00e4eva, siis kuna taimel on \u00f5iepungi arvukalt, saab ikkagi nautida pikemaajalist \u00f5itsemist. Kaunis taim r\u00fchmadena istutada maakodu-aeda, p\u00fcsikupeenrasse. Massina istutades saab edukalt kasutada imelise pinnakatjana, kuna lehestik p\u00fcsib kaunis kogu hooaja v\u00e4ltel ja kesksuvel \u00f5itseb taim rikkalikult ja kaua. Aeg-ajalt tuleks kontrollida, ega kiriteod pole taime kahjustanud. S\u00fcgisel v\u00f5iks lehestiku trimmerdada maha. Kevadel ilmuvad v\u00e4rsked lehed.<\/p>","protected":false},"featured_media":3401,"template":"","meta":[],"product_brand":[],"product_cat":[4415,4401,4409,4392,22],"product_tag":[],"class_list":{"0":"post-3400","1":"product","2":"type-product","3":"status-publish","4":"has-post-thumbnail","6":"product_cat-lilleaed","7":"product_cat-pusikud","8":"product_cat-tiigiaed","9":"product_cat-tiigitaimed","10":"product_cat-taimed","11":"pa_haiguskindlus-vaga-hea","12":"pa_moodud-k-70-cm-70-cm","13":"pa_oie-varv-mitmevarviline","14":"pa_oitsemise-aeg-juuli-august","15":"pa_talvekindlus-vaga-hea","16":"pa_tsoon-z-3-9","17":"pa_variatsioon-suurem-pott","18":"pa_variatsioon-vaiksem-pott","20":"first","21":"instock","22":"purchasable","23":"product-type-variable"},"acf":[],"_links":{"self":[{"href":"https:\/\/dev.garden.ee\/en\/wp-json\/wp\/v2\/product\/3400","targetHints":{"allow":["GET"]}}],"collection":[{"href":"https:\/\/dev.garden.ee\/en\/wp-json\/wp\/v2\/product"}],"about":[{"href":"https:\/\/dev.garden.ee\/en\/wp-json\/wp\/v2\/types\/product"}],"wp:featuredmedia":[{"embeddable":true,"href":"https:\/\/dev.garden.ee\/en\/wp-json\/wp\/v2\/media\/3401"}],"wp:attachment":[{"href":"https:\/\/dev.garden.ee\/en\/wp-json\/wp\/v2\/media?parent=3400"}],"wp:term":[{"taxonomy":"product_brand","embeddable":true,"href":"https:\/\/dev.garden.ee\/en\/wp-json\/wp\/v2\/product_brand?post=3400"},{"taxonomy":"product_cat","embeddable":true,"href":"https:\/\/dev.garden.ee\/en\/wp-json\/wp\/v2\/product_cat?post=3400"},{"taxonomy":"product_tag","embeddable":true,"href":"https:\/\/dev.garden.ee\/en\/wp-json\/wp\/v2\/product_tag?post=3400"}],"curies":[{"name":"wp","href":"https:\/\/api.w.org\/{rel}","templated":true}]}}