{"id":3395,"date":"2023-01-18T17:25:57","date_gmt":"2023-01-18T15:25:57","guid":{"rendered":"https:\/\/dev.zezz.ee\/garden\/toode\/miscanthus-sinensis-flamingo\/"},"modified":"2026-03-03T10:57:26","modified_gmt":"2026-03-03T08:57:26","slug":"miscanthus-sinensis-flamingo","status":"publish","type":"product","link":"https:\/\/dev.garden.ee\/en\/product\/miscanthus-sinensis-flamingo\/","title":{"rendered":"Miscanthus sinensis &#8216;Flamingo&#8217;"},"content":{"rendered":"<input class=\"fooboxshare_post_id\" type=\"hidden\" value=\"3395\"\/>","protected":false},"excerpt":{"rendered":"<p>Hiina siidp\u00f6\u00f6rised on k\u00f5rreliste seas \u00fched populaarseimad. Pole ka midagi imestada, kuna tegu on suurep\u00e4rase taimega, mil mitmeid p\u00f5nevaid sorte. &#8216;Flamingo&#8217; erip\u00e4raks on kitsas lehestik, mis on kaunilt kaardus ning hilissuvel lisanduvad \u00fcllatavad sulgjalt lehvivad, bordoopunased \u00f5ied. Taim suudab oma ilu hoida kuni j\u00e4rgmise aasta kevadeni. Peale seda tuleks taim korralikult maha l\u00f5igata, et teha ruumi uutele kasvudele. Sobib p\u00fcsikupeenrasse, toob lisas\u00e4ra anemoonidele, kassisabadele, kirburohtudele, laigulisele m\u00e4nnaskanepile \u2019Riesenschirm\u2019 jne. Lihtne kasvatada, kasvukoht olgu p\u00e4ikeseline, kuivemapoolne. Hea k\u00fclmakindlusega.\u00a0RHSi poolt p\u00e4rjatud Award of Garden Meritiga.<\/p>","protected":false},"featured_media":3396,"template":"","meta":[],"product_brand":[],"product_cat":[4407,4400,4415,4401,22],"product_tag":[9209],"class_list":{"0":"post-3395","1":"product","2":"type-product","3":"status-publish","4":"has-post-thumbnail","6":"product_cat-aasad","7":"product_cat-korrelised","8":"product_cat-lilleaed","9":"product_cat-pusikud","10":"product_cat-taimed","11":"product_tag-rhs-award-of-garden-merit","12":"pa_haiguskindlus-hea","13":"pa_moodud-k-150-cm-l-50-cm","14":"pa_oie-varv-roosa","15":"pa_oitsemise-aeg-august","16":"pa_talvekindlus-hea","17":"pa_tsoon-z4-9","18":"pa_variatsioon-suurem-pott","19":"pa_variatsioon-vaiksem-pott","21":"first","22":"outofstock","23":"purchasable","24":"product-type-variable"},"acf":[],"_links":{"self":[{"href":"https:\/\/dev.garden.ee\/en\/wp-json\/wp\/v2\/product\/3395","targetHints":{"allow":["GET"]}}],"collection":[{"href":"https:\/\/dev.garden.ee\/en\/wp-json\/wp\/v2\/product"}],"about":[{"href":"https:\/\/dev.garden.ee\/en\/wp-json\/wp\/v2\/types\/product"}],"wp:featuredmedia":[{"embeddable":true,"href":"https:\/\/dev.garden.ee\/en\/wp-json\/wp\/v2\/media\/3396"}],"wp:attachment":[{"href":"https:\/\/dev.garden.ee\/en\/wp-json\/wp\/v2\/media?parent=3395"}],"wp:term":[{"taxonomy":"product_brand","embeddable":true,"href":"https:\/\/dev.garden.ee\/en\/wp-json\/wp\/v2\/product_brand?post=3395"},{"taxonomy":"product_cat","embeddable":true,"href":"https:\/\/dev.garden.ee\/en\/wp-json\/wp\/v2\/product_cat?post=3395"},{"taxonomy":"product_tag","embeddable":true,"href":"https:\/\/dev.garden.ee\/en\/wp-json\/wp\/v2\/product_tag?post=3395"}],"curies":[{"name":"wp","href":"https:\/\/api.w.org\/{rel}","templated":true}]}}