{"id":3386,"date":"2023-01-18T17:25:51","date_gmt":"2023-01-18T15:25:51","guid":{"rendered":"https:\/\/dev.zezz.ee\/garden\/toode\/miscanthus-sinensis-ferner-osten\/"},"modified":"2026-03-03T10:55:40","modified_gmt":"2026-03-03T08:55:40","slug":"miscanthus-sinensis-ferner-osten","status":"publish","type":"product","link":"https:\/\/dev.garden.ee\/en\/product\/miscanthus-sinensis-ferner-osten\/","title":{"rendered":"Miscanthus sinensis &#8216;Ferner Osten&#8217;"},"content":{"rendered":"<input class=\"fooboxshare_post_id\" type=\"hidden\" value=\"3386\"\/>","protected":false},"excerpt":{"rendered":"<p>Pikkade, p\u00fcstiste ja kitsaste lehtedega k\u00f5rreline. Taimel on h\u00f5redad, kaarjad, kollakasrohelised varred ja rubiinjaspunased \u00f5itep\u00f6\u00f6rised, mis muutuvad ajapikku h\u00f5bedasteks. V\u00e4ga ilusa, \u00fcmmarguse kujuga k\u00f5rreline, mis hoiab oma vormi suurep\u00e4raselt. Lehestik muutub s\u00fcgisel oran\u017eikaks. Ei tohiks istutada liigniiskesse kohta, kus ta v\u00f5ib talvel l\u00e4bij\u00e4\u00e4tumisel hukkuda. Kauniks elemendiks p\u00fcsikupeenrasse, taustaks v\u00f5i bord\u00fc\u00fcriks, hekiks.<\/p>","protected":false},"featured_media":3387,"template":"","meta":[],"product_brand":[],"product_cat":[4407,4395,4400,4415,4401,22],"product_tag":[],"class_list":{"0":"post-3386","1":"product","2":"type-product","3":"status-publish","4":"has-post-thumbnail","6":"product_cat-aasad","7":"product_cat-hekid","8":"product_cat-korrelised","9":"product_cat-lilleaed","10":"product_cat-pusikud","11":"product_cat-taimed","12":"pa_haiguskindlus-hea","13":"pa_moodud-k-130-cm-l-90-cm","14":"pa_oie-varv-punane","15":"pa_oitsemise-aeg-august","16":"pa_talvekindlus-hea","17":"pa_tsoon-z-5-9","18":"pa_variatsioon-suurem-pott","19":"pa_variatsioon-vaiksem-pott","21":"first","22":"outofstock","23":"purchasable","24":"product-type-variable"},"acf":[],"_links":{"self":[{"href":"https:\/\/dev.garden.ee\/en\/wp-json\/wp\/v2\/product\/3386","targetHints":{"allow":["GET"]}}],"collection":[{"href":"https:\/\/dev.garden.ee\/en\/wp-json\/wp\/v2\/product"}],"about":[{"href":"https:\/\/dev.garden.ee\/en\/wp-json\/wp\/v2\/types\/product"}],"wp:featuredmedia":[{"embeddable":true,"href":"https:\/\/dev.garden.ee\/en\/wp-json\/wp\/v2\/media\/3387"}],"wp:attachment":[{"href":"https:\/\/dev.garden.ee\/en\/wp-json\/wp\/v2\/media?parent=3386"}],"wp:term":[{"taxonomy":"product_brand","embeddable":true,"href":"https:\/\/dev.garden.ee\/en\/wp-json\/wp\/v2\/product_brand?post=3386"},{"taxonomy":"product_cat","embeddable":true,"href":"https:\/\/dev.garden.ee\/en\/wp-json\/wp\/v2\/product_cat?post=3386"},{"taxonomy":"product_tag","embeddable":true,"href":"https:\/\/dev.garden.ee\/en\/wp-json\/wp\/v2\/product_tag?post=3386"}],"curies":[{"name":"wp","href":"https:\/\/api.w.org\/{rel}","templated":true}]}}