{"id":3375,"date":"2023-01-18T17:25:43","date_gmt":"2023-01-18T15:25:43","guid":{"rendered":"https:\/\/dev.zezz.ee\/garden\/toode\/mentha-x-piperita-chocolate\/"},"modified":"2026-03-02T21:23:10","modified_gmt":"2026-03-02T19:23:10","slug":"mentha-x-piperita-chocolate","status":"publish","type":"product","link":"https:\/\/dev.garden.ee\/en\/product\/mentha-x-piperita-chocolate\/","title":{"rendered":"Mentha x piperita &#8216;Chocolate&#8217;"},"content":{"rendered":"<input class=\"fooboxshare_post_id\" type=\"hidden\" value=\"3375\"\/>","protected":false},"excerpt":{"rendered":"<p>See m\u00fcndiline l\u00f5hnab pea-aegu nagu \u0161okolaad, tal on kergelt l\u00e4ikiv, tumeroheline, punaka varjundiga lehestik. Taim \u00f5itseb varasuvel \u00fcks kord, \u00f5ied on haleroosad, v\u00e4ikesed, need meelitavad aeda mesilasi. Kui p\u00e4rast \u00f5itsemist \u00f5ievarred eemaldada, hakkab taim kasvatama lehemassi. Aeg ajalt tuleks taime tagasi l\u00f5igata, et hoida tema puhmjat vormi. Paljundada saab taime juurev\u00f5sundite abil. Kaunis pinnakatja \u00fcrdiaeda. Lehti saab kuivatatult kasutada tee ja toitude maitsestamisel. Eriti maitsev, kui mustale teele lisada m\u00fcndilehti. Kuivanud lehti tuleks s\u00e4ilitada hermeetiliselt suletud anumas.\u00a0Sobib suurep\u00e4raselt maitsestama erinevaid magustoite v\u00f5i kuuma \u0161okolaadijooki, m\u00f5jukas aga ka lihtsa garneeringuna.<\/p>","protected":false},"featured_media":3376,"template":"","meta":[],"product_brand":[],"product_cat":[4401,4410,4411,4393,22],"product_tag":[],"class_list":{"0":"post-3375","1":"product","2":"type-product","3":"status-publish","4":"has-post-thumbnail","6":"product_cat-pusikud","7":"product_cat-tarbeaed","8":"product_cat-urdiaed","9":"product_cat-urdid","10":"product_cat-taimed","11":"pa_haiguskindlus-vaga-hea","12":"pa_lohn-lohnav","13":"pa_moodud-k-60-cm-l-60-cm","14":"pa_oie-varv-roosa","15":"pa_oitsemise-aeg-mai-juuni","16":"pa_talvekindlus-vaga-hea","17":"pa_tsoon-3-11","18":"pa_variatsioon-suurem-pott","19":"pa_variatsioon-suurem-pott-soodushind-50","20":"pa_variatsioon-vaiksem-pott","22":"first","23":"outofstock","24":"sale","25":"purchasable","26":"product-type-variable"},"acf":[],"_links":{"self":[{"href":"https:\/\/dev.garden.ee\/en\/wp-json\/wp\/v2\/product\/3375","targetHints":{"allow":["GET"]}}],"collection":[{"href":"https:\/\/dev.garden.ee\/en\/wp-json\/wp\/v2\/product"}],"about":[{"href":"https:\/\/dev.garden.ee\/en\/wp-json\/wp\/v2\/types\/product"}],"wp:featuredmedia":[{"embeddable":true,"href":"https:\/\/dev.garden.ee\/en\/wp-json\/wp\/v2\/media\/3376"}],"wp:attachment":[{"href":"https:\/\/dev.garden.ee\/en\/wp-json\/wp\/v2\/media?parent=3375"}],"wp:term":[{"taxonomy":"product_brand","embeddable":true,"href":"https:\/\/dev.garden.ee\/en\/wp-json\/wp\/v2\/product_brand?post=3375"},{"taxonomy":"product_cat","embeddable":true,"href":"https:\/\/dev.garden.ee\/en\/wp-json\/wp\/v2\/product_cat?post=3375"},{"taxonomy":"product_tag","embeddable":true,"href":"https:\/\/dev.garden.ee\/en\/wp-json\/wp\/v2\/product_tag?post=3375"}],"curies":[{"name":"wp","href":"https:\/\/api.w.org\/{rel}","templated":true}]}}