{"id":3362,"date":"2023-01-18T17:25:34","date_gmt":"2023-01-18T15:25:34","guid":{"rendered":"https:\/\/dev.zezz.ee\/garden\/toode\/hemerocallis-citrina\/"},"modified":"2026-02-25T18:44:43","modified_gmt":"2026-02-25T16:44:43","slug":"hemerocallis-citrina","status":"publish","type":"product","link":"https:\/\/dev.garden.ee\/en\/product\/hemerocallis-citrina\/","title":{"rendered":"Hemerocallis citrina"},"content":{"rendered":"<input class=\"fooboxshare_post_id\" type=\"hidden\" value=\"3362\"\/>","protected":false},"excerpt":{"rendered":"<p>Massina rohekaskollaseid, liiliasarnaseid, meeldivalt l\u00f5hnavaid \u00f5isi. Ererohelised kitsad lehed.\u00a0Kui \u00f5itsemine on l\u00f5ppenud, tuleks vanad lehed ja \u00f5ievarred v\u00e4lja korjata ning n\u00e4rtsinud \u00f5ied \u00e4ra l\u00f5igata. Jagada ja v\u00e4etada tuleks taime kevadel. Hea ja kaua\u00f5itsev taim p\u00fcsikute hulka. Massina istutades saab t\u00f5eliselt uhke vaatepildi. Ideaalselt sobivad p\u00e4evaliiliad maakodu-aedadesse. P\u00e4evaliiliad kasvavad meelsasti p\u00e4ikesek\u00fcllases kohas, tavalises aiamullas, niiskemapoolsel pinnasel. Nad on lihtsasti kasvatatavad, rikkalikult \u00f5itsevad ja t\u00e4nuv\u00e4\u00e4rsed p\u00fcsililled igasse aeda. Peale kiritigude pole neil ka eriti vaenlasi.<\/p>","protected":false},"featured_media":3363,"template":"","meta":[],"product_brand":[],"product_cat":[4415,4401,4409,4392,22],"product_tag":[],"class_list":{"0":"post-3362","1":"product","2":"type-product","3":"status-publish","4":"has-post-thumbnail","6":"product_cat-lilleaed","7":"product_cat-pusikud","8":"product_cat-tiigiaed","9":"product_cat-tiigitaimed","10":"product_cat-taimed","11":"pa_haiguskindlus-vaga-hea","12":"pa_moodud-k-90-cm-l-50-cm","13":"pa_oie-varv-kollane","14":"pa_oitsemise-aeg-juuni-juuli","15":"pa_talvekindlus-vaga-hea","16":"pa_tsoon-z-3-8","17":"pa_variatsioon-suurem-pott","18":"pa_variatsioon-vaiksem-pott","20":"first","21":"instock","22":"purchasable","23":"product-type-variable"},"acf":[],"_links":{"self":[{"href":"https:\/\/dev.garden.ee\/en\/wp-json\/wp\/v2\/product\/3362","targetHints":{"allow":["GET"]}}],"collection":[{"href":"https:\/\/dev.garden.ee\/en\/wp-json\/wp\/v2\/product"}],"about":[{"href":"https:\/\/dev.garden.ee\/en\/wp-json\/wp\/v2\/types\/product"}],"wp:featuredmedia":[{"embeddable":true,"href":"https:\/\/dev.garden.ee\/en\/wp-json\/wp\/v2\/media\/3363"}],"wp:attachment":[{"href":"https:\/\/dev.garden.ee\/en\/wp-json\/wp\/v2\/media?parent=3362"}],"wp:term":[{"taxonomy":"product_brand","embeddable":true,"href":"https:\/\/dev.garden.ee\/en\/wp-json\/wp\/v2\/product_brand?post=3362"},{"taxonomy":"product_cat","embeddable":true,"href":"https:\/\/dev.garden.ee\/en\/wp-json\/wp\/v2\/product_cat?post=3362"},{"taxonomy":"product_tag","embeddable":true,"href":"https:\/\/dev.garden.ee\/en\/wp-json\/wp\/v2\/product_tag?post=3362"}],"curies":[{"name":"wp","href":"https:\/\/api.w.org\/{rel}","templated":true}]}}