{"id":3359,"date":"2023-01-18T17:25:32","date_gmt":"2023-01-18T15:25:32","guid":{"rendered":"https:\/\/dev.zezz.ee\/garden\/toode\/hosta-abba-dabba-doo\/"},"modified":"2026-02-27T15:14:30","modified_gmt":"2026-02-27T13:14:30","slug":"hosta-abba-dabba-doo","status":"publish","type":"product","link":"https:\/\/dev.garden.ee\/en\/product\/hosta-abba-dabba-doo\/","title":{"rendered":"Hosta &#8216;Abba Dabba Doo&#8217;"},"content":{"rendered":"<input class=\"fooboxshare_post_id\" type=\"hidden\" value=\"3359\"\/>","protected":false},"excerpt":{"rendered":"<p>Hostad on tegelikult liilialiste sugukonda kuuluvad lehtdekoratiivsed, hea kohanemisv\u00f5imega taimed. Taluvad \u00a0jahedamat kliimat sama h\u00e4sti kui n\u00e4iteks subtroopilist. Ebatavaline teisend\u00a0&#8216;Abba Dabba Doo&#8217;\u00a0toob endaga meeldivat p\u00f5nevust, kuna pilkuk\u00f6itval lehestikul on kaunis kullane ja oliiviroheline \u00e4\u00e4ristus. Lehestik moodustab k\u00fcllaltki suure puhma. Suve alguses avanevad lehestiku kohal k\u00f5rguvad lavendlilillad \u00f5isikud. See sort on k\u00fcllaltki kiirekasvuline, moodustab kiiresti ilusa suure puhma. Taime saab lopsakamaks muuta, kui \u00f5ievarred \u00e4ra l\u00f5igata. \u00d5ied p\u00fcsivad h\u00e4sti vaasis. Hostadele meeldib kasvada enamasti poolvarjus. V\u00e4ga varjulises kohas venivad lehed pikaks, taim j\u00e4\u00e4b kiduraks ja sordiomaduste v\u00e4rvus tuhmub v\u00f5i kaob sootuks. Domineerivat laadi hostasortidele meeldib laiutada, niisiis on soovitav j\u00e4tta talle piisavalt kasvuruumi.<\/p>\n<p>Hooldus:\u00a0Hostataim istutada rammusasse mulda, kindlasti peale istutamist aeg-ajalt kasta, kuni juurdunud. Kasta tuleks juurte \u00fcmbert, mitte lehtede pealt. Taime saab paljundada jagamise teel.<\/p>","protected":false},"featured_media":3360,"template":"","meta":[],"product_brand":[],"product_cat":[4406,4401,4412,22],"product_tag":[],"class_list":{"0":"post-3359","1":"product","2":"type-product","3":"status-publish","4":"has-post-thumbnail","6":"product_cat-park","7":"product_cat-pusikud","8":"product_cat-varjuaed","9":"product_cat-taimed","10":"pa_haiguskindlus-hea","11":"pa_moodud-k-70-cm-l-80-cm","12":"pa_oie-varv-valge","13":"pa_oitsemise-aeg-juuli","14":"pa_talvekindlus-vaga-hea","15":"pa_tsoon-z-3-9","16":"pa_variatsioon-suurem-pott","17":"pa_variatsioon-suurem-pott-soodushind-70","18":"pa_variatsioon-vaiksem-pott","20":"first","21":"outofstock","22":"sale","23":"purchasable","24":"product-type-variable"},"acf":[],"_links":{"self":[{"href":"https:\/\/dev.garden.ee\/en\/wp-json\/wp\/v2\/product\/3359","targetHints":{"allow":["GET"]}}],"collection":[{"href":"https:\/\/dev.garden.ee\/en\/wp-json\/wp\/v2\/product"}],"about":[{"href":"https:\/\/dev.garden.ee\/en\/wp-json\/wp\/v2\/types\/product"}],"wp:featuredmedia":[{"embeddable":true,"href":"https:\/\/dev.garden.ee\/en\/wp-json\/wp\/v2\/media\/3360"}],"wp:attachment":[{"href":"https:\/\/dev.garden.ee\/en\/wp-json\/wp\/v2\/media?parent=3359"}],"wp:term":[{"taxonomy":"product_brand","embeddable":true,"href":"https:\/\/dev.garden.ee\/en\/wp-json\/wp\/v2\/product_brand?post=3359"},{"taxonomy":"product_cat","embeddable":true,"href":"https:\/\/dev.garden.ee\/en\/wp-json\/wp\/v2\/product_cat?post=3359"},{"taxonomy":"product_tag","embeddable":true,"href":"https:\/\/dev.garden.ee\/en\/wp-json\/wp\/v2\/product_tag?post=3359"}],"curies":[{"name":"wp","href":"https:\/\/api.w.org\/{rel}","templated":true}]}}