{"id":3331,"date":"2023-01-18T17:25:10","date_gmt":"2023-01-18T15:25:10","guid":{"rendered":"https:\/\/dev.zezz.ee\/garden\/toode\/syringa-vulgaris-andenken-an-ludwig-spath\/"},"modified":"2023-03-24T11:31:07","modified_gmt":"2023-03-24T09:31:07","slug":"syringa-vulgaris-andenken-an-ludwig-spath","status":"publish","type":"product","link":"https:\/\/dev.garden.ee\/en\/product\/syringa-vulgaris-andenken-an-ludwig-spath\/","title":{"rendered":"Syringa vulgaris &#8216;Andenken an Ludwig Spath&#8217;"},"content":{"rendered":"<input class=\"fooboxshare_post_id\" type=\"hidden\" value=\"3331\"\/>","protected":false},"excerpt":{"rendered":"<p>P\u00fcstiste okstega laiuval p\u00f5\u00f5sal on v\u00e4ga silmapaistvad lillakaspunased lausa 20-25 cm pikkused l\u00f5hnavad \u00f5itep\u00f6\u00f6rised. Kaunis tumelilla toon p\u00fcsib kuni \u00f5itsemisaja l\u00f5puni.\u00a0Taim kuulub k\u00fcmne Award of Garden Meriti poolt tunnustatud sirelite hulka.<\/p>","protected":false},"featured_media":3332,"template":"","meta":[],"product_brand":[],"product_cat":[4403,4395,4414,6934,4406,4396,22],"product_tag":[9209],"class_list":{"0":"post-3331","1":"product","2":"type-product","3":"status-publish","4":"has-post-thumbnail","6":"product_cat-kodu","7":"product_cat-hekid","8":"product_cat-lohnaaed","9":"product_cat-mesilassobralik-aed","10":"product_cat-park","11":"product_cat-puud-ja-poosad","12":"product_cat-taimed","13":"product_tag-rhs-award-of-garden-merit","14":"pa_moodud-k-25-4-m-l-2-3-m","15":"pa_oie-varv-purpurne","16":"pa_oitsemise-aeg-juuni","17":"pa_talvekindlus-vaga-hea","18":"pa_tsoon-3-7","19":"pa_variatsioon-poosas-h-100-125-cm","20":"pa_variatsioon-poosas-h-125-150-cm","21":"pa_variatsioon-poosas-h-80-100-cm","22":"pa_variatsioon-puuvorm-tuvi-12-m","23":"pa_variatsioon-puuvorm-tuvi-18-m","25":"first","26":"instock","27":"taxable","28":"shipping-taxable","29":"purchasable","30":"product-type-variable"},"acf":[],"_links":{"self":[{"href":"https:\/\/dev.garden.ee\/en\/wp-json\/wp\/v2\/product\/3331","targetHints":{"allow":["GET"]}}],"collection":[{"href":"https:\/\/dev.garden.ee\/en\/wp-json\/wp\/v2\/product"}],"about":[{"href":"https:\/\/dev.garden.ee\/en\/wp-json\/wp\/v2\/types\/product"}],"wp:featuredmedia":[{"embeddable":true,"href":"https:\/\/dev.garden.ee\/en\/wp-json\/wp\/v2\/media\/3332"}],"wp:attachment":[{"href":"https:\/\/dev.garden.ee\/en\/wp-json\/wp\/v2\/media?parent=3331"}],"wp:term":[{"taxonomy":"product_brand","embeddable":true,"href":"https:\/\/dev.garden.ee\/en\/wp-json\/wp\/v2\/product_brand?post=3331"},{"taxonomy":"product_cat","embeddable":true,"href":"https:\/\/dev.garden.ee\/en\/wp-json\/wp\/v2\/product_cat?post=3331"},{"taxonomy":"product_tag","embeddable":true,"href":"https:\/\/dev.garden.ee\/en\/wp-json\/wp\/v2\/product_tag?post=3331"}],"curies":[{"name":"wp","href":"https:\/\/api.w.org\/{rel}","templated":true}]}}