{"id":3290,"date":"2023-01-18T17:24:39","date_gmt":"2023-01-18T15:24:39","guid":{"rendered":"https:\/\/dev.zezz.ee\/garden\/toode\/karusmari-captivator\/"},"modified":"2023-04-18T12:13:45","modified_gmt":"2023-04-18T09:13:45","slug":"karusmari-captivator","status":"publish","type":"product","link":"https:\/\/dev.garden.ee\/en\/product\/karusmari-captivator\/","title":{"rendered":"Karusmari &#8216;Captivator&#8217;"},"content":{"rendered":"<input class=\"fooboxshare_post_id\" type=\"hidden\" value=\"3290\"\/>","protected":false},"excerpt":{"rendered":"<p>Magusad punakasroosad marjad valmivad juunis-juulis. Keskmise suurusega p\u00f5\u00f5sas on laiuva vormiga. V\u00f5rsed ogadeta, marjade korjamine kulgeb valutult. Hea saagikusega sort on jahukastekindel ning vastupidav ka k\u00fclmale. Nagu teisedki marjap\u00f5\u00f5sad, eelistab p\u00e4ikeselist kasvukohta.<\/p>\n<p><span style=\"color: #ff0000;\">\u00a0<\/span><\/p>","protected":false},"featured_media":3291,"template":"","meta":[],"product_brand":[],"product_cat":[4403,4410,4394,22],"product_tag":[],"class_list":{"0":"post-3290","1":"product","2":"type-product","3":"status-publish","4":"has-post-thumbnail","6":"product_cat-kodu","7":"product_cat-tarbeaed","8":"product_cat-viljad-ja-marjad","9":"product_cat-taimed","10":"pa_aretus-kanada-sort","11":"pa_haiguskindlus-vaga-hea","12":"pa_moodud-k-15-m-l-15-m","13":"pa_vili-keskmise-suurusega","14":"pa_vili-magus","15":"pa_vilja-varvus-purpurne","17":"first","18":"instock","19":"taxable","20":"shipping-taxable","21":"purchasable","22":"product-type-simple"},"acf":[],"_links":{"self":[{"href":"https:\/\/dev.garden.ee\/en\/wp-json\/wp\/v2\/product\/3290","targetHints":{"allow":["GET"]}}],"collection":[{"href":"https:\/\/dev.garden.ee\/en\/wp-json\/wp\/v2\/product"}],"about":[{"href":"https:\/\/dev.garden.ee\/en\/wp-json\/wp\/v2\/types\/product"}],"wp:featuredmedia":[{"embeddable":true,"href":"https:\/\/dev.garden.ee\/en\/wp-json\/wp\/v2\/media\/3291"}],"wp:attachment":[{"href":"https:\/\/dev.garden.ee\/en\/wp-json\/wp\/v2\/media?parent=3290"}],"wp:term":[{"taxonomy":"product_brand","embeddable":true,"href":"https:\/\/dev.garden.ee\/en\/wp-json\/wp\/v2\/product_brand?post=3290"},{"taxonomy":"product_cat","embeddable":true,"href":"https:\/\/dev.garden.ee\/en\/wp-json\/wp\/v2\/product_cat?post=3290"},{"taxonomy":"product_tag","embeddable":true,"href":"https:\/\/dev.garden.ee\/en\/wp-json\/wp\/v2\/product_tag?post=3290"}],"curies":[{"name":"wp","href":"https:\/\/api.w.org\/{rel}","templated":true}]}}