{"id":3273,"date":"2023-01-18T17:24:28","date_gmt":"2023-01-18T15:24:28","guid":{"rendered":"https:\/\/dev.zezz.ee\/garden\/toode\/heuchera-ginger-ale\/"},"modified":"2026-02-25T20:31:40","modified_gmt":"2026-02-25T18:31:40","slug":"heuchera-ginger-ale","status":"publish","type":"product","link":"https:\/\/dev.garden.ee\/en\/product\/heuchera-ginger-ale\/","title":{"rendered":"Heuchera &#8216;Ginger Ale&#8217;"},"content":{"rendered":"<input class=\"fooboxshare_post_id\" type=\"hidden\" value=\"3273\"\/>","protected":false},"excerpt":{"rendered":"<p>J\u00f5ulise kasvuga sordil on kombeks moodustada madalaid lehepuhmaid, mis sobivad ideaalselt kirkaks peenra \u00e4\u00e4ristajaks. Lehtedel ning \u00f5itel on v\u00e4ga omap\u00e4rane ingveri\u00f5lle v\u00e4rv. Suured lehed on lainelise \u00e4\u00e4rega, pikkade rootsudega, pealt kuldkollased kaetud h\u00f5bedase l\u00e4ike ning tumedate veenidega ning alusk\u00fcljed erksalt roosad. Parim lehestiku v\u00e4rv avaldub just kevadeti. Pisikesed, ingverikollased kuni \u00f5rnroosad \u00f5ied k\u00f5rguvad punastel, pikkadel (kuni 50 cm) \u00f5ievartel. Ideaalne kontrasttaim tumedate p\u00fcsikute vahele. Lisaks peenardele sobib ka taimekastidesse.<\/p>\n<p>Hooldus: Kasvukoht tuleks valida selline, kus taim oleks kuuma l\u00f5unap\u00e4ikese eest kaitstud. Kevadel v\u00f5ib talvel kuivanud lehed eemaldada, kuid suuremat l\u00f5ikust sort ei vaja.<\/p>","protected":false},"featured_media":3274,"template":"","meta":[],"product_brand":[],"product_cat":[4415,4413,4406,9200,4401,4412,22],"product_tag":[],"class_list":{"0":"post-3273","1":"product","2":"type-product","3":"status-publish","4":"has-post-thumbnail","6":"product_cat-lilleaed","7":"product_cat-loikelilleaed","8":"product_cat-park","9":"product_cat-pinnakatjad","10":"product_cat-pusikud","11":"product_cat-varjuaed","12":"product_cat-taimed","13":"pa_moodud-k-30-cm-l-20-cm","14":"pa_oie-varv-kollane","15":"pa_oitsemise-aeg-juuli","16":"pa_talvekindlus-vaga-hea","17":"pa_tsoon-z-4-9","18":"pa_variatsioon-suurem-pott","19":"pa_variatsioon-vaiksem-pott","21":"first","22":"onbackorder","23":"purchasable","24":"product-type-variable"},"acf":[],"_links":{"self":[{"href":"https:\/\/dev.garden.ee\/en\/wp-json\/wp\/v2\/product\/3273","targetHints":{"allow":["GET"]}}],"collection":[{"href":"https:\/\/dev.garden.ee\/en\/wp-json\/wp\/v2\/product"}],"about":[{"href":"https:\/\/dev.garden.ee\/en\/wp-json\/wp\/v2\/types\/product"}],"wp:featuredmedia":[{"embeddable":true,"href":"https:\/\/dev.garden.ee\/en\/wp-json\/wp\/v2\/media\/3274"}],"wp:attachment":[{"href":"https:\/\/dev.garden.ee\/en\/wp-json\/wp\/v2\/media?parent=3273"}],"wp:term":[{"taxonomy":"product_brand","embeddable":true,"href":"https:\/\/dev.garden.ee\/en\/wp-json\/wp\/v2\/product_brand?post=3273"},{"taxonomy":"product_cat","embeddable":true,"href":"https:\/\/dev.garden.ee\/en\/wp-json\/wp\/v2\/product_cat?post=3273"},{"taxonomy":"product_tag","embeddable":true,"href":"https:\/\/dev.garden.ee\/en\/wp-json\/wp\/v2\/product_tag?post=3273"}],"curies":[{"name":"wp","href":"https:\/\/api.w.org\/{rel}","templated":true}]}}