{"id":3269,"date":"2023-01-18T17:24:26","date_gmt":"2023-01-18T15:24:26","guid":{"rendered":"https:\/\/dev.zezz.ee\/garden\/toode\/syringa-vulgaris-mme-lemoine\/"},"modified":"2023-03-24T11:43:25","modified_gmt":"2023-03-24T09:43:25","slug":"syringa-vulgaris-mme-lemoine","status":"publish","type":"product","link":"https:\/\/dev.garden.ee\/en\/product\/syringa-vulgaris-mme-lemoine\/","title":{"rendered":"Syringa vulgaris &#8216;Mme Lemoine&#8217;"},"content":{"rendered":"<input class=\"fooboxshare_post_id\" type=\"hidden\" value=\"3269\"\/>","protected":false},"excerpt":{"rendered":"<p>Suured valged l\u00f5hnavad t\u00e4idis\u00f5ied moodustavad kauneid s\u00e4ravvalgeid \u00f5isikup\u00f6\u00f6riseid. Keskmise suurusega tugevakasvulisel p\u00f5\u00f5sal on heleroheline lehestik. Alguses on \u00f5ienupud kreemjad.<\/p>","protected":false},"featured_media":3270,"template":"","meta":[],"product_brand":[],"product_cat":[4403,4395,4414,4406,4396,22],"product_tag":[],"class_list":{"0":"post-3269","1":"product","2":"type-product","3":"status-publish","4":"has-post-thumbnail","6":"product_cat-kodu","7":"product_cat-hekid","8":"product_cat-lohnaaed","9":"product_cat-park","10":"product_cat-puud-ja-poosad","11":"product_cat-taimed","12":"pa_moodud-k-25-3-m-l-2-3-m","13":"pa_oie-varv-valge","14":"pa_oitsemise-aeg-juuni","15":"pa_variatsioon-poosas-h-80-100-cm","16":"pa_variatsioon-puuvorm-tuvi-12-14-m","18":"first","19":"instock","20":"taxable","21":"shipping-taxable","22":"purchasable","23":"product-type-variable"},"acf":[],"_links":{"self":[{"href":"https:\/\/dev.garden.ee\/en\/wp-json\/wp\/v2\/product\/3269","targetHints":{"allow":["GET"]}}],"collection":[{"href":"https:\/\/dev.garden.ee\/en\/wp-json\/wp\/v2\/product"}],"about":[{"href":"https:\/\/dev.garden.ee\/en\/wp-json\/wp\/v2\/types\/product"}],"wp:featuredmedia":[{"embeddable":true,"href":"https:\/\/dev.garden.ee\/en\/wp-json\/wp\/v2\/media\/3270"}],"wp:attachment":[{"href":"https:\/\/dev.garden.ee\/en\/wp-json\/wp\/v2\/media?parent=3269"}],"wp:term":[{"taxonomy":"product_brand","embeddable":true,"href":"https:\/\/dev.garden.ee\/en\/wp-json\/wp\/v2\/product_brand?post=3269"},{"taxonomy":"product_cat","embeddable":true,"href":"https:\/\/dev.garden.ee\/en\/wp-json\/wp\/v2\/product_cat?post=3269"},{"taxonomy":"product_tag","embeddable":true,"href":"https:\/\/dev.garden.ee\/en\/wp-json\/wp\/v2\/product_tag?post=3269"}],"curies":[{"name":"wp","href":"https:\/\/api.w.org\/{rel}","templated":true}]}}