{"id":3266,"date":"2023-01-18T17:24:23","date_gmt":"2023-01-18T15:24:23","guid":{"rendered":"https:\/\/dev.zezz.ee\/garden\/toode\/origanum-vulgare\/"},"modified":"2026-03-04T17:44:04","modified_gmt":"2026-03-04T15:44:04","slug":"origanum-vulgare","status":"publish","type":"product","link":"https:\/\/dev.garden.ee\/en\/product\/origanum-vulgare\/","title":{"rendered":"Origanum vulgare"},"content":{"rendered":"<input class=\"fooboxshare_post_id\" type=\"hidden\" value=\"3266\"\/>","protected":false},"excerpt":{"rendered":"<p>Puhma moodustaval p\u00fcsikul on puituvad v\u00f5rsed, mis on \u00fcmbritsetud pisikeste, v\u00fcrtsika l\u00f5hnaga roheliste lehtedega. Suvel \u00f5itsevad roosakaslillad \u00f5ied. \u00dcrti kasutatakse laialdaselt nii v\u00e4rskelt kui ka kuivatatult.<\/p>","protected":false},"featured_media":25808,"template":"","meta":[],"product_brand":[],"product_cat":[4407,4414,9650,6934,4401,4410,4411,4393,22],"product_tag":[],"class_list":{"0":"post-3266","1":"product","2":"type-product","3":"status-publish","4":"has-post-thumbnail","6":"product_cat-aasad","7":"product_cat-lohnaaed","8":"product_cat-looduslik-aed","9":"product_cat-mesilassobralik-aed","10":"product_cat-pusikud","11":"product_cat-tarbeaed","12":"product_cat-urdiaed","13":"product_cat-urdid","14":"product_cat-taimed","15":"pa_lohn-lohnav","16":"pa_moodud-k-30-70-cm-l-40-cm","17":"pa_oie-varv-lilla","18":"pa_oitsemise-aeg-juuli-september","19":"pa_talvekindlus-hea","20":"pa_variatsioon-suurem-pott","21":"pa_variatsioon-vaiksem-pott","23":"first","24":"outofstock","25":"purchasable","26":"product-type-variable"},"acf":[],"_links":{"self":[{"href":"https:\/\/dev.garden.ee\/en\/wp-json\/wp\/v2\/product\/3266","targetHints":{"allow":["GET"]}}],"collection":[{"href":"https:\/\/dev.garden.ee\/en\/wp-json\/wp\/v2\/product"}],"about":[{"href":"https:\/\/dev.garden.ee\/en\/wp-json\/wp\/v2\/types\/product"}],"wp:featuredmedia":[{"embeddable":true,"href":"https:\/\/dev.garden.ee\/en\/wp-json\/wp\/v2\/media\/25808"}],"wp:attachment":[{"href":"https:\/\/dev.garden.ee\/en\/wp-json\/wp\/v2\/media?parent=3266"}],"wp:term":[{"taxonomy":"product_brand","embeddable":true,"href":"https:\/\/dev.garden.ee\/en\/wp-json\/wp\/v2\/product_brand?post=3266"},{"taxonomy":"product_cat","embeddable":true,"href":"https:\/\/dev.garden.ee\/en\/wp-json\/wp\/v2\/product_cat?post=3266"},{"taxonomy":"product_tag","embeddable":true,"href":"https:\/\/dev.garden.ee\/en\/wp-json\/wp\/v2\/product_tag?post=3266"}],"curies":[{"name":"wp","href":"https:\/\/api.w.org\/{rel}","templated":true}]}}