{"id":3261,"date":"2023-01-18T17:24:20","date_gmt":"2023-01-18T15:24:20","guid":{"rendered":"https:\/\/dev.zezz.ee\/garden\/toode\/persicaria-amplexicaulis-blackfield\/"},"modified":"2026-03-05T17:23:36","modified_gmt":"2026-03-05T15:23:36","slug":"persicaria-amplexicaulis-blackfield","status":"publish","type":"product","link":"https:\/\/dev.garden.ee\/en\/product\/persicaria-amplexicaulis-blackfield\/","title":{"rendered":"Persicaria amplexicaulis &#8216;Blackfield&#8217;"},"content":{"rendered":"<input class=\"fooboxshare_post_id\" type=\"hidden\" value=\"3261\"\/>","protected":false},"excerpt":{"rendered":"<p>Silmapaistvalt pikad ning p\u00fcstised varred kannavad\u00a0verevpunaseid, pikki\u00a0\u00f5isikuid, mis k\u00f5rguvad \u00fcle tiheda rohelise lehestiku. J\u00f5ulise kasvu ning meeldivalt pika \u00f5itsemisperioodiga taim on aias muretu kaaslane. \u00d5ied meelitavad liblikaid ning mesilasi. Koos v\u00f5iks teda v\u00e4ga edukalt kasvatada n\u00e4iteks k\u00f5rreliste ning s\u00fcgisel \u00f5itsevate p\u00fcsikutega. Loob suurep\u00e4rase tulemuse\u00a0just massistutusena. Armastab kasvada veekogu l\u00e4heduses. Talub nii varjulisemat kui p\u00e4ikeselist kasvukohta, tingimuseks on tal vaid niiske muld. V\u00e4hest hoolt n\u00f5udev ja kauakestev p\u00fcsik.<\/p>","protected":false},"featured_media":3262,"template":"","meta":[],"product_brand":[],"product_cat":[4415,6934,4401,4409,4392,22],"product_tag":[],"class_list":{"0":"post-3261","1":"product","2":"type-product","3":"status-publish","4":"has-post-thumbnail","6":"product_cat-lilleaed","7":"product_cat-mesilassobralik-aed","8":"product_cat-pusikud","9":"product_cat-tiigiaed","10":"product_cat-tiigitaimed","11":"product_cat-taimed","12":"pa_moodud-k-70-90-m-l-70-cm","13":"pa_oie-varv-punane","14":"pa_oitsemise-aeg-juuli-september","15":"pa_talvekindlus-hea","16":"pa_tsoon-4-9","17":"pa_variatsioon-suurem-pott","18":"pa_variatsioon-vaiksem-pott","20":"first","21":"outofstock","22":"purchasable","23":"product-type-variable"},"acf":[],"_links":{"self":[{"href":"https:\/\/dev.garden.ee\/en\/wp-json\/wp\/v2\/product\/3261","targetHints":{"allow":["GET"]}}],"collection":[{"href":"https:\/\/dev.garden.ee\/en\/wp-json\/wp\/v2\/product"}],"about":[{"href":"https:\/\/dev.garden.ee\/en\/wp-json\/wp\/v2\/types\/product"}],"wp:featuredmedia":[{"embeddable":true,"href":"https:\/\/dev.garden.ee\/en\/wp-json\/wp\/v2\/media\/3262"}],"wp:attachment":[{"href":"https:\/\/dev.garden.ee\/en\/wp-json\/wp\/v2\/media?parent=3261"}],"wp:term":[{"taxonomy":"product_brand","embeddable":true,"href":"https:\/\/dev.garden.ee\/en\/wp-json\/wp\/v2\/product_brand?post=3261"},{"taxonomy":"product_cat","embeddable":true,"href":"https:\/\/dev.garden.ee\/en\/wp-json\/wp\/v2\/product_cat?post=3261"},{"taxonomy":"product_tag","embeddable":true,"href":"https:\/\/dev.garden.ee\/en\/wp-json\/wp\/v2\/product_tag?post=3261"}],"curies":[{"name":"wp","href":"https:\/\/api.w.org\/{rel}","templated":true}]}}