{"id":3258,"date":"2023-01-18T17:24:17","date_gmt":"2023-01-18T15:24:17","guid":{"rendered":"https:\/\/dev.zezz.ee\/garden\/toode\/persicaria-bistorta-superba\/"},"modified":"2026-03-05T17:42:55","modified_gmt":"2026-03-05T15:42:55","slug":"persicaria-bistorta-superba","status":"publish","type":"product","link":"https:\/\/dev.garden.ee\/en\/product\/persicaria-bistorta-superba\/","title":{"rendered":"Persicaria bistorta &#8216;Superba&#8217;"},"content":{"rendered":"<input class=\"fooboxshare_post_id\" type=\"hidden\" value=\"3258\"\/>","protected":false},"excerpt":{"rendered":"<p>Puhma moodustav, ussitatra \u00f5rnroosade \u00f5itega sort on ideaalseks lisandiks veeaeda, nt tiigi \u00e4\u00e4rde, kus ta saab vabalt uusi kolooniaid juurde luua. Munaja kujuga tumerohelistel lehtedel on v\u00e4ljapaistvad valged keskrood, mis s\u00fcgise tulekul kontrastselt punaseks v\u00e4rvuvad. S\u00f5lmelised varred kannavad tihedalt kokkusurutud piklikke, pudeliharju meenutavaid \u00f5isi. T\u00e4nu varte peenele vormile on \u00f5itsev taim \u00f5huline ning j\u00e4\u00e4b mulje kui \u00f5ied h\u00f5ljuks lehestiku kohal.<\/p>\n<p>The Royal Horticultural Society on taimele omistanud Award of Garden Meriti (AGM).<\/p>\n<p>Kaaslastena sobivad nt\u00a0Trollius chinensis \u2018Golden Queen&#8217;<em>.<\/em><\/p>","protected":false},"featured_media":25884,"template":"","meta":[],"product_brand":[],"product_cat":[4415,4401,4409,4392,22],"product_tag":[9209],"class_list":{"0":"post-3258","1":"product","2":"type-product","3":"status-publish","4":"has-post-thumbnail","6":"product_cat-lilleaed","7":"product_cat-pusikud","8":"product_cat-tiigiaed","9":"product_cat-tiigitaimed","10":"product_cat-taimed","11":"product_tag-rhs-award-of-garden-merit","12":"pa_moodud-k-70-cm-l-60-cm","13":"pa_oie-varv-roosa","14":"pa_oitsemise-aeg-juuli","15":"pa_talvekindlus-vaga-hea","16":"pa_tsoon-3-7","17":"pa_variatsioon-suurem-pott","18":"pa_variatsioon-vaiksem-pott","20":"first","21":"outofstock","22":"purchasable","23":"product-type-variable"},"acf":[],"_links":{"self":[{"href":"https:\/\/dev.garden.ee\/en\/wp-json\/wp\/v2\/product\/3258","targetHints":{"allow":["GET"]}}],"collection":[{"href":"https:\/\/dev.garden.ee\/en\/wp-json\/wp\/v2\/product"}],"about":[{"href":"https:\/\/dev.garden.ee\/en\/wp-json\/wp\/v2\/types\/product"}],"wp:featuredmedia":[{"embeddable":true,"href":"https:\/\/dev.garden.ee\/en\/wp-json\/wp\/v2\/media\/25884"}],"wp:attachment":[{"href":"https:\/\/dev.garden.ee\/en\/wp-json\/wp\/v2\/media?parent=3258"}],"wp:term":[{"taxonomy":"product_brand","embeddable":true,"href":"https:\/\/dev.garden.ee\/en\/wp-json\/wp\/v2\/product_brand?post=3258"},{"taxonomy":"product_cat","embeddable":true,"href":"https:\/\/dev.garden.ee\/en\/wp-json\/wp\/v2\/product_cat?post=3258"},{"taxonomy":"product_tag","embeddable":true,"href":"https:\/\/dev.garden.ee\/en\/wp-json\/wp\/v2\/product_tag?post=3258"}],"curies":[{"name":"wp","href":"https:\/\/api.w.org\/{rel}","templated":true}]}}