{"id":3223,"date":"2023-01-18T17:23:54","date_gmt":"2023-01-18T15:23:54","guid":{"rendered":"https:\/\/dev.zezz.ee\/garden\/toode\/iris-fingertips\/"},"modified":"2026-02-28T16:26:18","modified_gmt":"2026-02-28T14:26:18","slug":"iris-fingertips","status":"publish","type":"product","link":"https:\/\/dev.garden.ee\/en\/product\/iris-fingertips\/","title":{"rendered":"Iris &#8216;Fingertips&#8217;"},"content":{"rendered":"<input class=\"fooboxshare_post_id\" type=\"hidden\" value=\"3223\"\/>","protected":false},"excerpt":{"rendered":"<p>Kergelt l\u00e4bipaistvad, vana kulla tooni kroonlehed, millel bordooveini v\u00e4rvi laigud. Mandariinioran\u017e habe. V\u00e4ga originaalne v\u00e4limus.<\/p>","protected":false},"featured_media":3224,"template":"","meta":[],"product_brand":[],"product_cat":[4398,4415,4401,22],"product_tag":[],"class_list":{"0":"post-3223","1":"product","2":"type-product","3":"status-publish","4":"has-post-thumbnail","6":"product_cat-iirised","7":"product_cat-lilleaed","8":"product_cat-pusikud","9":"product_cat-taimed","10":"pa_moodud-k-30-cm-l-30-cm","11":"pa_oie-varv-oranz","12":"pa_oitsemise-aeg-keskmine","13":"pa_talvekindlus-vaga-hea","14":"pa_variatsioon-suurem-pott-soodushind-70","16":"first","17":"outofstock","18":"sale","19":"purchasable","20":"product-type-variable"},"acf":[],"_links":{"self":[{"href":"https:\/\/dev.garden.ee\/en\/wp-json\/wp\/v2\/product\/3223","targetHints":{"allow":["GET"]}}],"collection":[{"href":"https:\/\/dev.garden.ee\/en\/wp-json\/wp\/v2\/product"}],"about":[{"href":"https:\/\/dev.garden.ee\/en\/wp-json\/wp\/v2\/types\/product"}],"wp:featuredmedia":[{"embeddable":true,"href":"https:\/\/dev.garden.ee\/en\/wp-json\/wp\/v2\/media\/3224"}],"wp:attachment":[{"href":"https:\/\/dev.garden.ee\/en\/wp-json\/wp\/v2\/media?parent=3223"}],"wp:term":[{"taxonomy":"product_brand","embeddable":true,"href":"https:\/\/dev.garden.ee\/en\/wp-json\/wp\/v2\/product_brand?post=3223"},{"taxonomy":"product_cat","embeddable":true,"href":"https:\/\/dev.garden.ee\/en\/wp-json\/wp\/v2\/product_cat?post=3223"},{"taxonomy":"product_tag","embeddable":true,"href":"https:\/\/dev.garden.ee\/en\/wp-json\/wp\/v2\/product_tag?post=3223"}],"curies":[{"name":"wp","href":"https:\/\/api.w.org\/{rel}","templated":true}]}}