{"id":3195,"date":"2023-01-18T17:23:37","date_gmt":"2023-01-18T15:23:37","guid":{"rendered":"https:\/\/dev.zezz.ee\/garden\/toode\/geranium-x-magnificum-blue-blood\/"},"modified":"2026-02-24T13:29:04","modified_gmt":"2026-02-24T11:29:04","slug":"geranium-x-magnificum-blue-blood","status":"publish","type":"product","link":"https:\/\/dev.garden.ee\/en\/product\/geranium-x-magnificum-blue-blood\/","title":{"rendered":"Geranium x magnificum &#8216;Blue Blood&#8217;"},"content":{"rendered":"<input class=\"fooboxshare_post_id\" type=\"hidden\" value=\"3195\"\/>","protected":false},"excerpt":{"rendered":"<p>Tore kurereha moodustab koheva, tugeva ja komapktse\u00a0lehestikupuhma ning pakub suve alguses pea kahe kuu pikkust \u00f5itsemist. Peale \u00f5itsemist v\u00f5ib soovi korral taime kompaktsemaks p\u00fcgada, kuid uuesti \u00f5itsemist ei ole oodata. Antud sordi puhul on erilised tema s\u00fcgavad sinised \u00f5ied, millel tumedad, pea mustjad veenid. Tegemist on t\u00e4nuv\u00e4\u00e4rse ning kauni pinnakatjaga, kelle lehestiku puhma kaunistavad l\u00e4bi hooaja juhuslikult ilmuvad punakad lehed. S\u00fcgisel v\u00e4rvub aga terve lehestik kollaste, oran\u017eide ja punaste toonidega, kusjuures punane toon on tugevalt domineeriv.<\/p>","protected":false},"featured_media":3196,"template":"","meta":[],"product_brand":[],"product_cat":[4415,9200,4401,22],"product_tag":[],"class_list":{"0":"post-3195","1":"product","2":"type-product","3":"status-publish","4":"has-post-thumbnail","6":"product_cat-lilleaed","7":"product_cat-pinnakatjad","8":"product_cat-pusikud","9":"product_cat-taimed","10":"pa_haiguskindlus-vaga-hea","11":"pa_moodud-k-40-cm-l-40-50-cm","12":"pa_oie-varv-sinine","13":"pa_oitsemise-aeg-juuni","14":"pa_talvekindlus-vaga-hea","15":"pa_tsoon-4-8","16":"pa_variatsioon-suurem-pott","17":"pa_variatsioon-vaiksem-pott","19":"first","20":"onbackorder","21":"purchasable","22":"product-type-variable"},"acf":[],"_links":{"self":[{"href":"https:\/\/dev.garden.ee\/en\/wp-json\/wp\/v2\/product\/3195","targetHints":{"allow":["GET"]}}],"collection":[{"href":"https:\/\/dev.garden.ee\/en\/wp-json\/wp\/v2\/product"}],"about":[{"href":"https:\/\/dev.garden.ee\/en\/wp-json\/wp\/v2\/types\/product"}],"wp:featuredmedia":[{"embeddable":true,"href":"https:\/\/dev.garden.ee\/en\/wp-json\/wp\/v2\/media\/3196"}],"wp:attachment":[{"href":"https:\/\/dev.garden.ee\/en\/wp-json\/wp\/v2\/media?parent=3195"}],"wp:term":[{"taxonomy":"product_brand","embeddable":true,"href":"https:\/\/dev.garden.ee\/en\/wp-json\/wp\/v2\/product_brand?post=3195"},{"taxonomy":"product_cat","embeddable":true,"href":"https:\/\/dev.garden.ee\/en\/wp-json\/wp\/v2\/product_cat?post=3195"},{"taxonomy":"product_tag","embeddable":true,"href":"https:\/\/dev.garden.ee\/en\/wp-json\/wp\/v2\/product_tag?post=3195"}],"curies":[{"name":"wp","href":"https:\/\/api.w.org\/{rel}","templated":true}]}}