{"id":3189,"date":"2023-01-18T17:23:34","date_gmt":"2023-01-18T15:23:34","guid":{"rendered":"https:\/\/dev.zezz.ee\/garden\/toode\/anemone-hybrida-honorine-jobert\/"},"modified":"2026-02-17T17:51:48","modified_gmt":"2026-02-17T15:51:48","slug":"anemone-hybrida-honorine-jobert","status":"publish","type":"product","link":"https:\/\/dev.garden.ee\/en\/product\/anemone-hybrida-honorine-jobert\/","title":{"rendered":"Anemone hybrida &#8216;Honorine Jobert&#8217;"},"content":{"rendered":"<input class=\"fooboxshare_post_id\" type=\"hidden\" value=\"3189\"\/>","protected":false},"excerpt":{"rendered":"<p>Kaunis hilissuvine ja varas\u00fcgisene \u00f5iteja! K\u00f5rgekasvuline puituvate v\u00f5rsetega p\u00fcsik paistab juba kaugelt oma elegantsete \u00f5itega silma. Avatud \u00f5itel on keskmes kaunis kollane tolmukate s\u00fcdamik, mida \u00e4\u00e4ristavad puhasvalged kroonlehed. L\u00e4bi hooaja kestev areng \u00f5ienupust seemnekuprani pakub p\u00f5nevat vaatem\u00e4ngu igasse perioodi.<\/p>\n<div class=\"field field-name-field-fg-plant-body field-type-text-long field-label-hidden clearfix\">\n<div class=\"field-items\">\n<p>J\u00f5ulise kasvuga! Parim etteaste poolvarjulises kasvualas. Jaga varakevadel v\u00f5i s\u00fcgisel. Taimele ei meeldi liigne \u00fcmberistutamine. V\u00e4ltida kasvukohta, kuhu v\u00f5iks tekkida talve l\u00f5pul liigne vesi.<\/p>\n<p>Ettevaatust! Kokkupuude taimemahlaga v\u00f5ib tekitada naha\u00e4rritust!<\/p>\n<\/div>\n<\/div>","protected":false},"featured_media":3190,"template":"","meta":[],"product_brand":[],"product_cat":[4415,6934,4401,4412,22],"product_tag":[9209],"class_list":{"0":"post-3189","1":"product","2":"type-product","3":"status-publish","4":"has-post-thumbnail","6":"product_cat-lilleaed","7":"product_cat-mesilassobralik-aed","8":"product_cat-pusikud","9":"product_cat-varjuaed","10":"product_cat-taimed","11":"product_tag-rhs-award-of-garden-merit","12":"pa_kasvukorgus-70-100-cm","13":"pa_laius-45-50-cm","14":"pa_oie-varv-valge","15":"pa_oitsemise-aeg-august-oktoober","16":"pa_talvekindlus-hea","17":"pa_tingimused-parasniiske","18":"pa_tingimused-tavaline","19":"pa_valguse-tingimused-paike","20":"pa_valguse-tingimused-poolvari","21":"pa_variatsioon-suurem-pott","22":"pa_variatsioon-vaiksem-pott","24":"first","25":"onbackorder","26":"purchasable","27":"product-type-variable"},"acf":[],"_links":{"self":[{"href":"https:\/\/dev.garden.ee\/en\/wp-json\/wp\/v2\/product\/3189","targetHints":{"allow":["GET"]}}],"collection":[{"href":"https:\/\/dev.garden.ee\/en\/wp-json\/wp\/v2\/product"}],"about":[{"href":"https:\/\/dev.garden.ee\/en\/wp-json\/wp\/v2\/types\/product"}],"wp:featuredmedia":[{"embeddable":true,"href":"https:\/\/dev.garden.ee\/en\/wp-json\/wp\/v2\/media\/3190"}],"wp:attachment":[{"href":"https:\/\/dev.garden.ee\/en\/wp-json\/wp\/v2\/media?parent=3189"}],"wp:term":[{"taxonomy":"product_brand","embeddable":true,"href":"https:\/\/dev.garden.ee\/en\/wp-json\/wp\/v2\/product_brand?post=3189"},{"taxonomy":"product_cat","embeddable":true,"href":"https:\/\/dev.garden.ee\/en\/wp-json\/wp\/v2\/product_cat?post=3189"},{"taxonomy":"product_tag","embeddable":true,"href":"https:\/\/dev.garden.ee\/en\/wp-json\/wp\/v2\/product_tag?post=3189"}],"curies":[{"name":"wp","href":"https:\/\/api.w.org\/{rel}","templated":true}]}}