{"id":3182,"date":"2023-01-18T17:23:28","date_gmt":"2023-01-18T15:23:28","guid":{"rendered":"https:\/\/dev.zezz.ee\/garden\/toode\/artemisia-schmidtiana-nana\/"},"modified":"2026-02-17T00:07:21","modified_gmt":"2026-02-16T22:07:21","slug":"artemisia-schmidtiana-nana","status":"publish","type":"product","link":"https:\/\/dev.garden.ee\/en\/product\/artemisia-schmidtiana-nana\/","title":{"rendered":"Artemisia schmidtiana \u2019Nana\u2019"},"content":{"rendered":"<input class=\"fooboxshare_post_id\" type=\"hidden\" value=\"3182\"\/>","protected":false},"excerpt":{"rendered":"<p>Kindlasti \u00fcks populaarsemaid p\u00fcsikuid. Moodustab \u00fcmara h\u00f5behalli lehestikuga pehme padja. Juuni keskel kuni l\u00f5pupoole ilmuvad taimele \u00f5ied &#8211; v\u00e4ikesed hallikad pallid. Puju kasvab kiiresti, eriti kui on pisut niiskem suvi ja j\u00e4\u00e4b ilusaks kogu hooaja jooksul. Ideaalne taim kuivale ja p\u00e4ikesepaistelisele kohale nt peenra\u00e4\u00e4ristajana. Sobib istutamiseks potti. Vajab jagamist iga 2-3 aasta tagant, siis s\u00e4ilitab oma ilusa kuju.<\/p>","protected":false},"featured_media":3183,"template":"","meta":[],"product_brand":[],"product_cat":[4415,9200,4401,22],"product_tag":[],"class_list":{"0":"post-3182","1":"product","2":"type-product","3":"status-publish","4":"has-post-thumbnail","6":"product_cat-lilleaed","7":"product_cat-pinnakatjad","8":"product_cat-pusikud","9":"product_cat-taimed","10":"pa_haiguskindlus-hea","11":"pa_kasvukorgus-25-30-cm-2","12":"pa_laius-30-60-cm","13":"pa_lehestikuvarv-hobehall","14":"pa_lisainfo-janese-kahjustustele-vastupidav","15":"pa_lisainfo-sobilik-istutuskasti-jaoks","16":"pa_oie-varv-valge","17":"pa_oitsemise-aeg-juuni","18":"pa_talvekindlus-vaga-hea","19":"pa_tingimused-hea-drenaaz","20":"pa_tingimused-kuiv","21":"pa_tingimused-niiske","22":"pa_tingimused-parasniiske","23":"pa_valguse-tingimused-paike","24":"pa_valguse-tingimused-poolvari","25":"pa_variatsioon-suurem-pott","26":"pa_variatsioon-vaiksem-pott","28":"first","29":"onbackorder","30":"purchasable","31":"product-type-variable"},"acf":[],"_links":{"self":[{"href":"https:\/\/dev.garden.ee\/en\/wp-json\/wp\/v2\/product\/3182","targetHints":{"allow":["GET"]}}],"collection":[{"href":"https:\/\/dev.garden.ee\/en\/wp-json\/wp\/v2\/product"}],"about":[{"href":"https:\/\/dev.garden.ee\/en\/wp-json\/wp\/v2\/types\/product"}],"wp:featuredmedia":[{"embeddable":true,"href":"https:\/\/dev.garden.ee\/en\/wp-json\/wp\/v2\/media\/3183"}],"wp:attachment":[{"href":"https:\/\/dev.garden.ee\/en\/wp-json\/wp\/v2\/media?parent=3182"}],"wp:term":[{"taxonomy":"product_brand","embeddable":true,"href":"https:\/\/dev.garden.ee\/en\/wp-json\/wp\/v2\/product_brand?post=3182"},{"taxonomy":"product_cat","embeddable":true,"href":"https:\/\/dev.garden.ee\/en\/wp-json\/wp\/v2\/product_cat?post=3182"},{"taxonomy":"product_tag","embeddable":true,"href":"https:\/\/dev.garden.ee\/en\/wp-json\/wp\/v2\/product_tag?post=3182"}],"curies":[{"name":"wp","href":"https:\/\/api.w.org\/{rel}","templated":true}]}}