{"id":3178,"date":"2023-01-18T17:23:26","date_gmt":"2023-01-18T15:23:26","guid":{"rendered":"https:\/\/dev.zezz.ee\/garden\/toode\/achillea-ptarmica-the-pearl\/"},"modified":"2026-02-13T12:40:11","modified_gmt":"2026-02-13T10:40:11","slug":"achillea-ptarmica-the-pearl","status":"publish","type":"product","link":"https:\/\/dev.garden.ee\/en\/product\/achillea-ptarmica-the-pearl\/","title":{"rendered":"Achillea ptarmica \u2019The Pearl\u2019"},"content":{"rendered":"<input class=\"fooboxshare_post_id\" type=\"hidden\" value=\"3178\"\/>","protected":false},"excerpt":{"rendered":"<p>\u00d5rn, delikaatne taim ilusate v\u00e4ikeste topelt\u00f5itega. Loob vanaema lilleaia meeleolu. Suuremate gruppidena m\u00f5jub ilusa rohelise taustana igasugusele suursugusemale \u00f5itsejale. Pikalt \u00f5itseja- puhasvalged \u00f5ied suve algusest kuni s\u00fcgiseni. Ei ole n\u00f5udlik mulla suhtes, eelistades pisut niiskemat. Suurep\u00e4rane l\u00f5ikelill nii v\u00e4rskelt kui kuivalt.<\/p>\n<p>T\u00e4nu oma suurep\u00e4rastele omadustele on saanud Royal Garden of Merit auhinna 1999.aastal.rh<\/p>","protected":false},"featured_media":3179,"template":"","meta":[],"product_brand":[],"product_cat":[4407,4415,4413,4401,22],"product_tag":[9209],"class_list":{"0":"post-3178","1":"product","2":"type-product","3":"status-publish","4":"has-post-thumbnail","6":"product_cat-aasad","7":"product_cat-lilleaed","8":"product_cat-loikelilleaed","9":"product_cat-pusikud","10":"product_cat-taimed","11":"product_tag-rhs-award-of-garden-merit","12":"pa_haiguskindlus-hea","13":"pa_lisainfo-janese-kahjustustele-vastupidav","14":"pa_moodud-k-60-90-cm","15":"pa_moodud-l-30-40-cm","16":"pa_oie-varv-valge","17":"pa_oitsemise-aeg-juuni-september","18":"pa_talvekindlus-vaga-hea","19":"pa_tingimused-hea-drenaaz","20":"pa_tingimused-niiske","21":"pa_tsoon-2-9","22":"pa_valguse-tingimused-paike","23":"pa_variatsioon-suurem-pott","24":"pa_variatsioon-vaiksem-pott","26":"first","27":"instock","28":"purchasable","29":"product-type-variable"},"acf":[],"_links":{"self":[{"href":"https:\/\/dev.garden.ee\/en\/wp-json\/wp\/v2\/product\/3178","targetHints":{"allow":["GET"]}}],"collection":[{"href":"https:\/\/dev.garden.ee\/en\/wp-json\/wp\/v2\/product"}],"about":[{"href":"https:\/\/dev.garden.ee\/en\/wp-json\/wp\/v2\/types\/product"}],"wp:featuredmedia":[{"embeddable":true,"href":"https:\/\/dev.garden.ee\/en\/wp-json\/wp\/v2\/media\/3179"}],"wp:attachment":[{"href":"https:\/\/dev.garden.ee\/en\/wp-json\/wp\/v2\/media?parent=3178"}],"wp:term":[{"taxonomy":"product_brand","embeddable":true,"href":"https:\/\/dev.garden.ee\/en\/wp-json\/wp\/v2\/product_brand?post=3178"},{"taxonomy":"product_cat","embeddable":true,"href":"https:\/\/dev.garden.ee\/en\/wp-json\/wp\/v2\/product_cat?post=3178"},{"taxonomy":"product_tag","embeddable":true,"href":"https:\/\/dev.garden.ee\/en\/wp-json\/wp\/v2\/product_tag?post=3178"}],"curies":[{"name":"wp","href":"https:\/\/api.w.org\/{rel}","templated":true}]}}