{"id":3166,"date":"2023-01-18T17:23:18","date_gmt":"2023-01-18T15:23:18","guid":{"rendered":"https:\/\/dev.zezz.ee\/garden\/toode\/iris-fairy-ring\/"},"modified":"2026-02-28T16:17:24","modified_gmt":"2026-02-28T14:17:24","slug":"iris-fairy-ring","status":"publish","type":"product","link":"https:\/\/dev.garden.ee\/en\/product\/iris-fairy-ring\/","title":{"rendered":"Iris &#8216;Fairy Ring&#8217;"},"content":{"rendered":"<input class=\"fooboxshare_post_id\" type=\"hidden\" value=\"3166\"\/>","protected":false},"excerpt":{"rendered":"<p>K\u00e4\u00e4busiirise sordil on violetjassiniste \u00e4\u00e4rtega valged \u00f5ied.<\/p>","protected":false},"featured_media":3167,"template":"","meta":[],"product_brand":[],"product_cat":[4398,4415,4414,4401,22],"product_tag":[],"class_list":{"0":"post-3166","1":"product","2":"type-product","3":"status-publish","4":"has-post-thumbnail","6":"product_cat-iirised","7":"product_cat-lilleaed","8":"product_cat-lohnaaed","9":"product_cat-pusikud","10":"product_cat-taimed","11":"pa_moodud-k-25-cm-l-30-cm","12":"pa_oie-varv-valge","13":"pa_oitsemise-aeg-varajane","14":"pa_talvekindlus-vaga-hea","15":"pa_variatsioon-suurem-pott-soodushind-70","17":"first","18":"outofstock","19":"sale","20":"purchasable","21":"product-type-variable"},"acf":[],"_links":{"self":[{"href":"https:\/\/dev.garden.ee\/en\/wp-json\/wp\/v2\/product\/3166","targetHints":{"allow":["GET"]}}],"collection":[{"href":"https:\/\/dev.garden.ee\/en\/wp-json\/wp\/v2\/product"}],"about":[{"href":"https:\/\/dev.garden.ee\/en\/wp-json\/wp\/v2\/types\/product"}],"wp:featuredmedia":[{"embeddable":true,"href":"https:\/\/dev.garden.ee\/en\/wp-json\/wp\/v2\/media\/3167"}],"wp:attachment":[{"href":"https:\/\/dev.garden.ee\/en\/wp-json\/wp\/v2\/media?parent=3166"}],"wp:term":[{"taxonomy":"product_brand","embeddable":true,"href":"https:\/\/dev.garden.ee\/en\/wp-json\/wp\/v2\/product_brand?post=3166"},{"taxonomy":"product_cat","embeddable":true,"href":"https:\/\/dev.garden.ee\/en\/wp-json\/wp\/v2\/product_cat?post=3166"},{"taxonomy":"product_tag","embeddable":true,"href":"https:\/\/dev.garden.ee\/en\/wp-json\/wp\/v2\/product_tag?post=3166"}],"curies":[{"name":"wp","href":"https:\/\/api.w.org\/{rel}","templated":true}]}}