{"id":3138,"date":"2023-01-18T17:22:55","date_gmt":"2023-01-18T15:22:55","guid":{"rendered":"https:\/\/dev.zezz.ee\/garden\/toode\/polystichum-setiferum-plumosum-densum\/"},"modified":"2026-03-07T10:53:39","modified_gmt":"2026-03-07T08:53:39","slug":"polystichum-setiferum-plumosum-densum","status":"publish","type":"product","link":"https:\/\/dev.garden.ee\/en\/product\/polystichum-setiferum-plumosum-densum\/","title":{"rendered":"Polystichum setiferum &#8216;Plumosum Densum&#8217;"},"content":{"rendered":"<input class=\"fooboxshare_post_id\" type=\"hidden\" value=\"3138\"\/>","protected":false},"excerpt":{"rendered":"<p>Peetakse \u00fcheks ilusamaks omasuguste seas. Kergesti kasvatatav, igihaljas taim sobib nii varjulisemasse lillepeenrasse, kus toetab oma p\u00fcsiva rohelusega \u00f5itsvaid s\u00f5pru kui ka metsaalas, kus tuleb esile kogu oma hiilguses. Kasvab kompaktselt, p\u00fcstise kasvuga. Lehed m\u00f5juvad \u00f5huliste sulgede puhmana, mida tahaks silitada.<\/p>","protected":false},"featured_media":3139,"template":"","meta":[],"product_brand":[],"product_cat":[4406,4401,4399,4412,22],"product_tag":[],"class_list":{"0":"post-3138","1":"product","2":"type-product","3":"status-publish","4":"has-post-thumbnail","6":"product_cat-park","7":"product_cat-pusikud","8":"product_cat-sonajalad","9":"product_cat-varjuaed","10":"product_cat-taimed","11":"pa_haiguskindlus-vaga-hea","12":"pa_moodud-k-45-cm-l-45-cm","13":"pa_talvekindlus-hea","14":"pa_tsoon-z-3-9","15":"pa_variatsioon-suurem-pott","16":"pa_variatsioon-vaiksem-pott","18":"first","19":"outofstock","20":"purchasable","21":"product-type-variable"},"acf":[],"_links":{"self":[{"href":"https:\/\/dev.garden.ee\/en\/wp-json\/wp\/v2\/product\/3138","targetHints":{"allow":["GET"]}}],"collection":[{"href":"https:\/\/dev.garden.ee\/en\/wp-json\/wp\/v2\/product"}],"about":[{"href":"https:\/\/dev.garden.ee\/en\/wp-json\/wp\/v2\/types\/product"}],"wp:featuredmedia":[{"embeddable":true,"href":"https:\/\/dev.garden.ee\/en\/wp-json\/wp\/v2\/media\/3139"}],"wp:attachment":[{"href":"https:\/\/dev.garden.ee\/en\/wp-json\/wp\/v2\/media?parent=3138"}],"wp:term":[{"taxonomy":"product_brand","embeddable":true,"href":"https:\/\/dev.garden.ee\/en\/wp-json\/wp\/v2\/product_brand?post=3138"},{"taxonomy":"product_cat","embeddable":true,"href":"https:\/\/dev.garden.ee\/en\/wp-json\/wp\/v2\/product_cat?post=3138"},{"taxonomy":"product_tag","embeddable":true,"href":"https:\/\/dev.garden.ee\/en\/wp-json\/wp\/v2\/product_tag?post=3138"}],"curies":[{"name":"wp","href":"https:\/\/api.w.org\/{rel}","templated":true}]}}