{"id":3134,"date":"2023-01-18T17:22:53","date_gmt":"2023-01-18T15:22:53","guid":{"rendered":"https:\/\/dev.zezz.ee\/garden\/toode\/primula-x-bulleesiana\/"},"modified":"2026-03-07T12:28:33","modified_gmt":"2026-03-07T10:28:33","slug":"primula-x-bulleesiana","status":"publish","type":"product","link":"https:\/\/dev.garden.ee\/en\/product\/primula-x-bulleesiana\/","title":{"rendered":"Primula x bulleesiana"},"content":{"rendered":"<input class=\"fooboxshare_post_id\" type=\"hidden\" value=\"3134\"\/>","protected":false},"excerpt":{"rendered":"<p>See imeline priimula on suuteline looma mitmev\u00e4rvilisi \u00f5isi! V\u00e4rvivalikus on kollane, l\u00f5heroosa, helelilla, oran\u017e ja isegi tumepurpur. Suurema r\u00fchmana loob v\u00f5rratu vikerkaarelise lillemere! Meie kliima on priimulale ideaalne, taim armastab varju ja niiskust.<\/p>","protected":false},"featured_media":3135,"template":"","meta":[],"product_brand":[],"product_cat":[4406,4401,4409,4392,4412,22],"product_tag":[],"class_list":{"0":"post-3134","1":"product","2":"type-product","3":"status-publish","4":"has-post-thumbnail","6":"product_cat-park","7":"product_cat-pusikud","8":"product_cat-tiigiaed","9":"product_cat-tiigitaimed","10":"product_cat-varjuaed","11":"product_cat-taimed","12":"pa_haiguskindlus-hea","13":"pa_moodud-k-45-50-cm-l-25-30-cm","14":"pa_oie-varv-mitmevarviline","15":"pa_oitsemise-aeg-juuni","16":"pa_talvekindlus-vaga-hea","17":"pa_variatsioon-suurem-pott","18":"pa_variatsioon-vaiksem-pott","20":"first","21":"outofstock","22":"purchasable","23":"product-type-variable"},"acf":[],"_links":{"self":[{"href":"https:\/\/dev.garden.ee\/en\/wp-json\/wp\/v2\/product\/3134","targetHints":{"allow":["GET"]}}],"collection":[{"href":"https:\/\/dev.garden.ee\/en\/wp-json\/wp\/v2\/product"}],"about":[{"href":"https:\/\/dev.garden.ee\/en\/wp-json\/wp\/v2\/types\/product"}],"wp:featuredmedia":[{"embeddable":true,"href":"https:\/\/dev.garden.ee\/en\/wp-json\/wp\/v2\/media\/3135"}],"wp:attachment":[{"href":"https:\/\/dev.garden.ee\/en\/wp-json\/wp\/v2\/media?parent=3134"}],"wp:term":[{"taxonomy":"product_brand","embeddable":true,"href":"https:\/\/dev.garden.ee\/en\/wp-json\/wp\/v2\/product_brand?post=3134"},{"taxonomy":"product_cat","embeddable":true,"href":"https:\/\/dev.garden.ee\/en\/wp-json\/wp\/v2\/product_cat?post=3134"},{"taxonomy":"product_tag","embeddable":true,"href":"https:\/\/dev.garden.ee\/en\/wp-json\/wp\/v2\/product_tag?post=3134"}],"curies":[{"name":"wp","href":"https:\/\/api.w.org\/{rel}","templated":true}]}}