{"id":3130,"date":"2023-01-18T17:22:50","date_gmt":"2023-01-18T15:22:50","guid":{"rendered":"https:\/\/dev.zezz.ee\/garden\/toode\/primula-japonica-millers-crimson\/"},"modified":"2026-03-07T12:08:39","modified_gmt":"2026-03-07T10:08:39","slug":"primula-japonica-millers-crimson","status":"publish","type":"product","link":"https:\/\/dev.garden.ee\/en\/product\/primula-japonica-millers-crimson\/","title":{"rendered":"Primula japonica &#8216;Miller&#8217;s Crimson&#8217;"},"content":{"rendered":"<input class=\"fooboxshare_post_id\" type=\"hidden\" value=\"3130\"\/>","protected":false},"excerpt":{"rendered":"<p>Klassikaline, kergesti hooldatav p\u00fcsik. Priimula armastab rohkem varjulist ja niisket mulda, kuid saab hakkama ka p\u00e4ikese k\u00e4es. Purpursed \u00f5ierosetid on efektsemad suuremate r\u00fchmadena istutades. Taime on lihtne jagada ning ta paljuneb ise ka \u00fcsna j\u00f5udsalt.<\/p>","protected":false},"featured_media":3131,"template":"","meta":[],"product_brand":[],"product_cat":[4406,4401,4409,4392,4412,22],"product_tag":[],"class_list":{"0":"post-3130","1":"product","2":"type-product","3":"status-publish","4":"has-post-thumbnail","6":"product_cat-park","7":"product_cat-pusikud","8":"product_cat-tiigiaed","9":"product_cat-tiigitaimed","10":"product_cat-varjuaed","11":"product_cat-taimed","12":"pa_haiguskindlus-vaga-hea","13":"pa_moodud-k-45-cm-l-40-45-cm","14":"pa_oie-varv-purpurne","15":"pa_oitsemise-aeg-mai-juuni","16":"pa_talvekindlus-hea","17":"pa_tsoon-z-5-9","18":"pa_variatsioon-suurem-pott","19":"pa_variatsioon-vaiksem-pott","21":"first","22":"outofstock","23":"purchasable","24":"product-type-variable"},"acf":[],"_links":{"self":[{"href":"https:\/\/dev.garden.ee\/en\/wp-json\/wp\/v2\/product\/3130","targetHints":{"allow":["GET"]}}],"collection":[{"href":"https:\/\/dev.garden.ee\/en\/wp-json\/wp\/v2\/product"}],"about":[{"href":"https:\/\/dev.garden.ee\/en\/wp-json\/wp\/v2\/types\/product"}],"wp:featuredmedia":[{"embeddable":true,"href":"https:\/\/dev.garden.ee\/en\/wp-json\/wp\/v2\/media\/3131"}],"wp:attachment":[{"href":"https:\/\/dev.garden.ee\/en\/wp-json\/wp\/v2\/media?parent=3130"}],"wp:term":[{"taxonomy":"product_brand","embeddable":true,"href":"https:\/\/dev.garden.ee\/en\/wp-json\/wp\/v2\/product_brand?post=3130"},{"taxonomy":"product_cat","embeddable":true,"href":"https:\/\/dev.garden.ee\/en\/wp-json\/wp\/v2\/product_cat?post=3130"},{"taxonomy":"product_tag","embeddable":true,"href":"https:\/\/dev.garden.ee\/en\/wp-json\/wp\/v2\/product_tag?post=3130"}],"curies":[{"name":"wp","href":"https:\/\/api.w.org\/{rel}","templated":true}]}}