{"id":3123,"date":"2023-01-18T17:22:46","date_gmt":"2023-01-18T15:22:46","guid":{"rendered":"https:\/\/dev.zezz.ee\/garden\/toode\/epimedium-amber-queen\/"},"modified":"2026-02-23T15:41:57","modified_gmt":"2026-02-23T13:41:57","slug":"epimedium-amber-queen","status":"publish","type":"product","link":"https:\/\/dev.garden.ee\/en\/product\/epimedium-amber-queen\/","title":{"rendered":"Epimedium &#8216;Amber Queen&#8217;"},"content":{"rendered":"<input class=\"fooboxshare_post_id\" type=\"hidden\" value=\"3123\"\/>","protected":false},"excerpt":{"rendered":"<p>Atraktiivne taim v\u00e4\u00e4riks palju laialdasemat kasutust, kuna toob mitmekesist p\u00f5nevust varjulisematesse kasvualadesse. Antud sordi muudavad eriliseks erekollased \u00f5ied ning lehestik, mis suvel on roheline, kevadel ning s\u00fcgisel aga huvitavalt pronksjas. \u00d5ied muutuvad ajapikku oran\u017eikaks. Kuigi taimel v\u00f5tab paar aastat aega, et saavutada oma t\u00e4ism\u00f5\u00f5tmed, on tegemist v\u00e4ga pikaealise ning vastupidava taimega. T\u00e4iskavanuna suudab ta vastu pidada ka p\u00f5uale. Vana lehestik tuleks hilistalvel v\u00f5i varakevadel maha l\u00f5igata, et ka j\u00e4rgmisel aastal n\u00e4eks taim hea v\u00e4lja. Jagamist v\u00f5ib teha varakevadel v\u00f5i hilissuvel. Ideaalne pinnakatja metsa-aeda v\u00f5i parki, varjulisemasse aiaosasse.<\/p>","protected":false},"featured_media":23682,"template":"","meta":[],"product_brand":[],"product_cat":[4406,9200,4401,4412,22],"product_tag":[],"class_list":{"0":"post-3123","1":"product","2":"type-product","3":"status-publish","4":"has-post-thumbnail","6":"product_cat-park","7":"product_cat-pinnakatjad","8":"product_cat-pusikud","9":"product_cat-varjuaed","10":"product_cat-taimed","11":"pa_haiguskindlus-hea","12":"pa_kasvukorgus-45-cm","13":"pa_laius-60-cm","14":"pa_lisainfo-hea-pinnakatja","15":"pa_lisainfo-talub-kuiva-varjulisemat-kasvukohta","16":"pa_oie-varv-kollane","17":"pa_oitsemise-aeg-aprill-mai","18":"pa_talvekindlus-vaga-hea","19":"pa_tingimused-hea-drenaaz","20":"pa_tingimused-viljakas","21":"pa_tsoon-5-9","22":"pa_valguse-tingimused-poolvari","23":"pa_valguse-tingimused-vari","24":"pa_variatsioon-suurem-pott","25":"pa_variatsioon-vaiksem-pott","27":"first","28":"onbackorder","29":"purchasable","30":"product-type-variable"},"acf":[],"_links":{"self":[{"href":"https:\/\/dev.garden.ee\/en\/wp-json\/wp\/v2\/product\/3123","targetHints":{"allow":["GET"]}}],"collection":[{"href":"https:\/\/dev.garden.ee\/en\/wp-json\/wp\/v2\/product"}],"about":[{"href":"https:\/\/dev.garden.ee\/en\/wp-json\/wp\/v2\/types\/product"}],"wp:featuredmedia":[{"embeddable":true,"href":"https:\/\/dev.garden.ee\/en\/wp-json\/wp\/v2\/media\/23682"}],"wp:attachment":[{"href":"https:\/\/dev.garden.ee\/en\/wp-json\/wp\/v2\/media?parent=3123"}],"wp:term":[{"taxonomy":"product_brand","embeddable":true,"href":"https:\/\/dev.garden.ee\/en\/wp-json\/wp\/v2\/product_brand?post=3123"},{"taxonomy":"product_cat","embeddable":true,"href":"https:\/\/dev.garden.ee\/en\/wp-json\/wp\/v2\/product_cat?post=3123"},{"taxonomy":"product_tag","embeddable":true,"href":"https:\/\/dev.garden.ee\/en\/wp-json\/wp\/v2\/product_tag?post=3123"}],"curies":[{"name":"wp","href":"https:\/\/api.w.org\/{rel}","templated":true}]}}