{"id":3114,"date":"2023-01-18T17:22:39","date_gmt":"2023-01-18T15:22:39","guid":{"rendered":"https:\/\/dev.zezz.ee\/garden\/toode\/centaurea-montana\/"},"modified":"2026-02-19T10:59:46","modified_gmt":"2026-02-19T08:59:46","slug":"centaurea-montana","status":"publish","type":"product","link":"https:\/\/dev.garden.ee\/en\/product\/centaurea-montana\/","title":{"rendered":"Centaurea montana"},"content":{"rendered":"<input class=\"fooboxshare_post_id\" type=\"hidden\" value=\"3114\"\/>","protected":false},"excerpt":{"rendered":"<p>Rukilillega samast perekonnast p\u00e4rit m\u00e4gijumikas on v\u00e4ga eluj\u00f5uline ja vastupidav p\u00fcsik. Kannatab igasugust mulda ja kliimat. \u00d5ied \u00f5rnad, roosa s\u00fcdamikuga, \u00f5itsevad kevade l\u00f5pust suve keskpaigani. N\u00e4rtsinud \u00f5ite eemaldamine soodustab uuesti\u00f5itsemist. Sobib l\u00f5ikelilleks.<\/p>","protected":false},"featured_media":3115,"template":"","meta":[],"product_brand":[],"product_cat":[4415,4413,4401,22],"product_tag":[],"class_list":{"0":"post-3114","1":"product","2":"type-product","3":"status-publish","4":"has-post-thumbnail","6":"product_cat-lilleaed","7":"product_cat-loikelilleaed","8":"product_cat-pusikud","9":"product_cat-taimed","10":"pa_haiguskindlus-vaga-hea","11":"pa_kasvukorgus-30-60-cm","12":"pa_laius-30-60-cm","13":"pa_lisainfo-janese-kahjustustele-vastupidav","14":"pa_lisainfo-sobib-loikelilleks","15":"pa_oie-varv-sinine","16":"pa_oitsemise-aeg-mai-juuli","17":"pa_talvekindlus-vaga-hea","18":"pa_tingimused-koik-mullatuubid","19":"pa_tingimused-neutraalne","20":"pa_tsoon-2-9","21":"pa_valguse-tingimused-paike","22":"pa_valguse-tingimused-poolvari","23":"pa_variatsioon-suurem-pott","24":"pa_variatsioon-suurem-pott-soodushind-50","25":"pa_variatsioon-vaiksem-pott","27":"first","28":"instock","29":"sale","30":"purchasable","31":"product-type-variable"},"acf":[],"_links":{"self":[{"href":"https:\/\/dev.garden.ee\/en\/wp-json\/wp\/v2\/product\/3114","targetHints":{"allow":["GET"]}}],"collection":[{"href":"https:\/\/dev.garden.ee\/en\/wp-json\/wp\/v2\/product"}],"about":[{"href":"https:\/\/dev.garden.ee\/en\/wp-json\/wp\/v2\/types\/product"}],"wp:featuredmedia":[{"embeddable":true,"href":"https:\/\/dev.garden.ee\/en\/wp-json\/wp\/v2\/media\/3115"}],"wp:attachment":[{"href":"https:\/\/dev.garden.ee\/en\/wp-json\/wp\/v2\/media?parent=3114"}],"wp:term":[{"taxonomy":"product_brand","embeddable":true,"href":"https:\/\/dev.garden.ee\/en\/wp-json\/wp\/v2\/product_brand?post=3114"},{"taxonomy":"product_cat","embeddable":true,"href":"https:\/\/dev.garden.ee\/en\/wp-json\/wp\/v2\/product_cat?post=3114"},{"taxonomy":"product_tag","embeddable":true,"href":"https:\/\/dev.garden.ee\/en\/wp-json\/wp\/v2\/product_tag?post=3114"}],"curies":[{"name":"wp","href":"https:\/\/api.w.org\/{rel}","templated":true}]}}