{"id":3110,"date":"2023-01-18T17:22:36","date_gmt":"2023-01-18T15:22:36","guid":{"rendered":"https:\/\/dev.zezz.ee\/garden\/toode\/carex-laxiculmis-bunny-blue\/"},"modified":"2026-02-19T09:54:41","modified_gmt":"2026-02-19T07:54:41","slug":"carex-laxiculmis-bunny-blue","status":"publish","type":"product","link":"https:\/\/dev.garden.ee\/en\/product\/carex-laxiculmis-bunny-blue\/","title":{"rendered":"Carex laxiculmis &#8216;Bunny Blue&#8217;"},"content":{"rendered":"<input class=\"fooboxshare_post_id\" type=\"hidden\" value=\"3110\"\/>","protected":false},"excerpt":{"rendered":"<p>K\u00f5rrelisel on hallikassinised lehed ja\u00a0v\u00e4ikesed \u00f5ietaolised tutid kevadel. Sobib kasutamiseks nii tee\u00e4\u00e4rtes kui ka pinnakatteks. Eelistab poolvarju ja varju, p\u00e4ikeselises kohas vajab korralikku viljakat mulda, mis ei tohi l\u00e4bi kuivada.<\/p>","protected":false},"featured_media":3111,"template":"","meta":[],"product_brand":[],"product_cat":[4400,9200,4401,4409,4412,22],"product_tag":[],"class_list":{"0":"post-3110","1":"product","2":"type-product","3":"status-publish","4":"has-post-thumbnail","6":"product_cat-korrelised","7":"product_cat-pinnakatjad","8":"product_cat-pusikud","9":"product_cat-tiigiaed","10":"product_cat-varjuaed","11":"product_cat-taimed","12":"pa_kasvukorgus-25-30-cm-2","13":"pa_laius-25-40-cm","14":"pa_lehestikuvarv-hallikassinine","15":"pa_lisainfo-dekoratiivne-lehestik","16":"pa_lisainfo-hea-pinnakatja","17":"pa_lisainfo-sobib-osalise-varjuga-kasvualale","18":"pa_tingimused-niiske","19":"pa_tsoon-5-9","20":"pa_valguse-tingimused-poolvari","21":"pa_valguse-tingimused-vari","22":"pa_variatsioon-suurem-pott","23":"pa_variatsioon-vaiksem-pott","25":"first","26":"instock","27":"purchasable","28":"product-type-variable"},"acf":[],"_links":{"self":[{"href":"https:\/\/dev.garden.ee\/en\/wp-json\/wp\/v2\/product\/3110","targetHints":{"allow":["GET"]}}],"collection":[{"href":"https:\/\/dev.garden.ee\/en\/wp-json\/wp\/v2\/product"}],"about":[{"href":"https:\/\/dev.garden.ee\/en\/wp-json\/wp\/v2\/types\/product"}],"wp:featuredmedia":[{"embeddable":true,"href":"https:\/\/dev.garden.ee\/en\/wp-json\/wp\/v2\/media\/3111"}],"wp:attachment":[{"href":"https:\/\/dev.garden.ee\/en\/wp-json\/wp\/v2\/media?parent=3110"}],"wp:term":[{"taxonomy":"product_brand","embeddable":true,"href":"https:\/\/dev.garden.ee\/en\/wp-json\/wp\/v2\/product_brand?post=3110"},{"taxonomy":"product_cat","embeddable":true,"href":"https:\/\/dev.garden.ee\/en\/wp-json\/wp\/v2\/product_cat?post=3110"},{"taxonomy":"product_tag","embeddable":true,"href":"https:\/\/dev.garden.ee\/en\/wp-json\/wp\/v2\/product_tag?post=3110"}],"curies":[{"name":"wp","href":"https:\/\/api.w.org\/{rel}","templated":true}]}}