{"id":3083,"date":"2023-01-18T17:22:19","date_gmt":"2023-01-18T15:22:19","guid":{"rendered":"https:\/\/dev.zezz.ee\/garden\/toode\/blechnum-spicant\/"},"modified":"2026-02-18T12:34:47","modified_gmt":"2026-02-18T10:34:47","slug":"blechnum-spicant","status":"publish","type":"product","link":"https:\/\/dev.garden.ee\/en\/product\/blechnum-spicant\/","title":{"rendered":"Blechnum spicant"},"content":{"rendered":"<input class=\"fooboxshare_post_id\" type=\"hidden\" value=\"3083\"\/>","protected":false},"excerpt":{"rendered":"<p>\u00c4\u00e4rmiselt elegantne s\u00f5najalg. Lehed on t\u00e4iuslikud oma lihtsuses: pikad, kitsad, s\u00fcgavrohelised sulglehed langevad maapinnale, v\u00e4rsked lehed t\u00f5usevad p\u00f5\u00f5sa keskelt ja venivad pikaks ja p\u00fcstiseks, moodustades skulptuurse, pilkup\u00fc\u00fcdva kompositsiooni. Igihaljas.<\/p>\n<p>Taime \u00fcmber on soovitav kasutada mult\u0161i, et s\u00e4ilitada mulla niiskust.<\/p>","protected":false},"featured_media":23595,"template":"","meta":[],"product_brand":[],"product_cat":[4406,9200,4401,4399,4412,22],"product_tag":[],"class_list":{"0":"post-3083","1":"product","2":"type-product","3":"status-publish","4":"has-post-thumbnail","6":"product_cat-park","7":"product_cat-pinnakatjad","8":"product_cat-pusikud","9":"product_cat-sonajalad","10":"product_cat-varjuaed","11":"product_cat-taimed","12":"pa_haiguskindlus-vaga-hea","13":"pa_kasvukorgus-40-60-cm","14":"pa_laius-40-90-cm","15":"pa_lisainfo-dekoratiivne-lehestik","16":"pa_lisainfo-hea-pinnakatja","17":"pa_lisainfo-hirve-kahjustustele-vastupidav","18":"pa_lisainfo-igihaljas","19":"pa_lisainfo-janese-kahjustustele-vastupidav","20":"pa_lisainfo-pilgupuudja","21":"pa_lisainfo-sobib-osalise-varjuga-kasvualale","22":"pa_talvekindlus-hea","23":"pa_tingimused-hea-drenaaz","24":"pa_tingimused-niiske","25":"pa_tsoon-5-9","26":"pa_valguse-tingimused-poolvari","27":"pa_valguse-tingimused-vari","28":"pa_variatsioon-suurem-pott","29":"pa_variatsioon-vaiksem-pott","31":"first","32":"instock","33":"purchasable","34":"product-type-variable"},"acf":[],"_links":{"self":[{"href":"https:\/\/dev.garden.ee\/en\/wp-json\/wp\/v2\/product\/3083","targetHints":{"allow":["GET"]}}],"collection":[{"href":"https:\/\/dev.garden.ee\/en\/wp-json\/wp\/v2\/product"}],"about":[{"href":"https:\/\/dev.garden.ee\/en\/wp-json\/wp\/v2\/types\/product"}],"wp:featuredmedia":[{"embeddable":true,"href":"https:\/\/dev.garden.ee\/en\/wp-json\/wp\/v2\/media\/23595"}],"wp:attachment":[{"href":"https:\/\/dev.garden.ee\/en\/wp-json\/wp\/v2\/media?parent=3083"}],"wp:term":[{"taxonomy":"product_brand","embeddable":true,"href":"https:\/\/dev.garden.ee\/en\/wp-json\/wp\/v2\/product_brand?post=3083"},{"taxonomy":"product_cat","embeddable":true,"href":"https:\/\/dev.garden.ee\/en\/wp-json\/wp\/v2\/product_cat?post=3083"},{"taxonomy":"product_tag","embeddable":true,"href":"https:\/\/dev.garden.ee\/en\/wp-json\/wp\/v2\/product_tag?post=3083"}],"curies":[{"name":"wp","href":"https:\/\/api.w.org\/{rel}","templated":true}]}}