{"id":3078,"date":"2023-01-18T17:22:16","date_gmt":"2023-01-18T15:22:16","guid":{"rendered":"https:\/\/dev.zezz.ee\/garden\/toode\/bergenia-hybrid-bressingham-white\/"},"modified":"2026-02-18T12:14:54","modified_gmt":"2026-02-18T10:14:54","slug":"bergenia-bressingham-white","status":"publish","type":"product","link":"https:\/\/dev.garden.ee\/en\/product\/bergenia-bressingham-white\/","title":{"rendered":"Bergenia &#8216;Bressingham White&#8217;"},"content":{"rendered":"<input class=\"fooboxshare_post_id\" type=\"hidden\" value=\"3078\"\/>","protected":false},"excerpt":{"rendered":"<p>Lehed nahkjad, igihaljad, tumerohelised. Kevadel ilmuvad paljastele vartele k\u00f5rguvad puhasvalged \u00f5isikud. Varakevadel v\u00f5iks talvel kahjustatud lehed eemaldada.<\/p>\n<p>Kokku kena sobitada n\u00e4iteks s\u00f5najalgadega, musta lumeroosiga, v\u00e4ikese igihaliga. Kaunis massistutuses, pinnakatjaks, istutusaladel.<\/p>\n<p>RHS Award of Garden Merit 1993.<\/p>","protected":false},"featured_media":3079,"template":"","meta":[],"product_brand":[],"product_cat":[4406,9200,4401,22],"product_tag":[9209],"class_list":{"0":"post-3078","1":"product","2":"type-product","3":"status-publish","4":"has-post-thumbnail","6":"product_cat-park","7":"product_cat-pinnakatjad","8":"product_cat-pusikud","9":"product_cat-taimed","10":"product_tag-rhs-award-of-garden-merit","11":"pa_haiguskindlus-hea","12":"pa_kasvukorgus-30-cm","13":"pa_laius-30-40-cm","14":"pa_lisainfo-hea-pinnakatja","15":"pa_lisainfo-igihaljas","16":"pa_lisainfo-sobib-osalise-varjuga-kasvualale","17":"pa_oie-varv-valge","18":"pa_oitsemise-aeg-mai-juuni","19":"pa_talvekindlus-vaga-hea","20":"pa_tingimused-niiske","21":"pa_tingimused-viljakas","22":"pa_tsoon-2-9","23":"pa_valguse-tingimused-paike","24":"pa_valguse-tingimused-poolvari","25":"pa_variatsioon-suurem-pott","26":"pa_variatsioon-vaiksem-pott","28":"first","29":"instock","30":"purchasable","31":"product-type-variable"},"acf":[],"_links":{"self":[{"href":"https:\/\/dev.garden.ee\/en\/wp-json\/wp\/v2\/product\/3078","targetHints":{"allow":["GET"]}}],"collection":[{"href":"https:\/\/dev.garden.ee\/en\/wp-json\/wp\/v2\/product"}],"about":[{"href":"https:\/\/dev.garden.ee\/en\/wp-json\/wp\/v2\/types\/product"}],"wp:featuredmedia":[{"embeddable":true,"href":"https:\/\/dev.garden.ee\/en\/wp-json\/wp\/v2\/media\/3079"}],"wp:attachment":[{"href":"https:\/\/dev.garden.ee\/en\/wp-json\/wp\/v2\/media?parent=3078"}],"wp:term":[{"taxonomy":"product_brand","embeddable":true,"href":"https:\/\/dev.garden.ee\/en\/wp-json\/wp\/v2\/product_brand?post=3078"},{"taxonomy":"product_cat","embeddable":true,"href":"https:\/\/dev.garden.ee\/en\/wp-json\/wp\/v2\/product_cat?post=3078"},{"taxonomy":"product_tag","embeddable":true,"href":"https:\/\/dev.garden.ee\/en\/wp-json\/wp\/v2\/product_tag?post=3078"}],"curies":[{"name":"wp","href":"https:\/\/api.w.org\/{rel}","templated":true}]}}