{"id":3069,"date":"2023-01-18T17:22:11","date_gmt":"2023-01-18T15:22:11","guid":{"rendered":"https:\/\/dev.zezz.ee\/garden\/toode\/azorella-trifurcata\/"},"modified":"2026-02-18T09:40:59","modified_gmt":"2026-02-18T07:40:59","slug":"azorella-trifurcata","status":"publish","type":"product","link":"https:\/\/dev.garden.ee\/en\/product\/azorella-trifurcata\/","title":{"rendered":"Azorella trifurcata"},"content":{"rendered":"<input class=\"fooboxshare_post_id\" type=\"hidden\" value=\"3069\"\/>","protected":false},"excerpt":{"rendered":"<p>See ise\u00e4ralik taim m\u00f5jub vetruva ja pehmena, tegelikkuses aga on k\u00f5va, tugeva tekstuuriga. Taim kasvab, moodustades tiheda katte kiviktaimlas v\u00f5i sillutisel. Pisikesed kollased \u00f5ied ilmuvad suvel. Taim n\u00f5uab v\u00e4ga head drenaa\u017ei, mulla sisse v\u00f5ib\u00a0segada\u00a0kergkruusa. Taim on osutunud v\u00e4ga k\u00fclmakindlaks, saab hakkama lausa p\u00f5hjam\u00e4estiku tingimustes. Igihaljas.<\/p>","protected":false},"featured_media":3070,"template":"","meta":[],"product_brand":[],"product_cat":[4415,4406,9200,4401,22],"product_tag":[],"class_list":{"0":"post-3069","1":"product","2":"type-product","3":"status-publish","4":"has-post-thumbnail","6":"product_cat-lilleaed","7":"product_cat-park","8":"product_cat-pinnakatjad","9":"product_cat-pusikud","10":"product_cat-taimed","11":"pa_haiguskindlus-hea","12":"pa_kasvukorgus-2-4-cm","13":"pa_laius-15-20-cm","14":"pa_lisainfo-hea-pinnakatja","15":"pa_lisainfo-hirve-kahjustustele-vastupidav","16":"pa_lisainfo-igihaljas","17":"pa_lisainfo-sobib-osalise-varjuga-kasvualale","18":"pa_oie-varv-kollane","19":"pa_oitsemise-aeg-juuli-august","20":"pa_talvekindlus-vaga-hea","21":"pa_tingimused-hea-drenaaz","22":"pa_tsoon-4-9","23":"pa_valguse-tingimused-paike","24":"pa_valguse-tingimused-poolvari","25":"pa_variatsioon-suurem-pott","26":"pa_variatsioon-vaiksem-pott","28":"first","29":"instock","30":"purchasable","31":"product-type-variable"},"acf":[],"_links":{"self":[{"href":"https:\/\/dev.garden.ee\/en\/wp-json\/wp\/v2\/product\/3069","targetHints":{"allow":["GET"]}}],"collection":[{"href":"https:\/\/dev.garden.ee\/en\/wp-json\/wp\/v2\/product"}],"about":[{"href":"https:\/\/dev.garden.ee\/en\/wp-json\/wp\/v2\/types\/product"}],"wp:featuredmedia":[{"embeddable":true,"href":"https:\/\/dev.garden.ee\/en\/wp-json\/wp\/v2\/media\/3070"}],"wp:attachment":[{"href":"https:\/\/dev.garden.ee\/en\/wp-json\/wp\/v2\/media?parent=3069"}],"wp:term":[{"taxonomy":"product_brand","embeddable":true,"href":"https:\/\/dev.garden.ee\/en\/wp-json\/wp\/v2\/product_brand?post=3069"},{"taxonomy":"product_cat","embeddable":true,"href":"https:\/\/dev.garden.ee\/en\/wp-json\/wp\/v2\/product_cat?post=3069"},{"taxonomy":"product_tag","embeddable":true,"href":"https:\/\/dev.garden.ee\/en\/wp-json\/wp\/v2\/product_tag?post=3069"}],"curies":[{"name":"wp","href":"https:\/\/api.w.org\/{rel}","templated":true}]}}