{"id":3061,"date":"2023-01-18T17:22:06","date_gmt":"2023-01-18T15:22:06","guid":{"rendered":"https:\/\/dev.zezz.ee\/garden\/toode\/astilbe-chinensis-milk-and-honey\/"},"modified":"2026-02-17T17:48:05","modified_gmt":"2026-02-17T15:48:05","slug":"astilbe-chinensis-milk-and-honey","status":"publish","type":"product","link":"https:\/\/dev.garden.ee\/en\/product\/astilbe-chinensis-milk-and-honey\/","title":{"rendered":"Astilbe chinensis &#8216;Milk and Honey&#8217;"},"content":{"rendered":"<input class=\"fooboxshare_post_id\" type=\"hidden\" value=\"3061\"\/>","protected":false},"excerpt":{"rendered":"<p>Astilbe on hea valik varjulisemasse aeda, \u00f5itseb rikkalikult, kuid tuleks j\u00e4lgida, et muld on v\u00e4etatud ja niisutatud. V\u00e4etada kevadel.<\/p>\n<p>See sort talub p\u00f5uda kergemini teistest astilbe sortidest. \u00d5ied \u00f5hulised, sulgjad. Veel avanemata \u00f5ied on rohekad, avanenud \u00f5ied on puhasvalged, ja ajapikku, \u00e4ra \u00f5itsedes, muutuvad \u00f5rnroosaks.<\/p>\n<p>Meelitab ligi liblikaid. Sobib konteineritesse, hea l\u00f5ikelill.<\/p>","protected":false},"featured_media":3062,"template":"","meta":[],"product_brand":[],"product_cat":[9637,4413,6934,4406,4401,4409,4392,4412,22],"product_tag":[],"class_list":{"0":"post-3061","1":"product","2":"type-product","3":"status-publish","4":"has-post-thumbnail","6":"product_cat-istutuskast","7":"product_cat-loikelilleaed","8":"product_cat-mesilassobralik-aed","9":"product_cat-park","10":"product_cat-pusikud","11":"product_cat-tiigiaed","12":"product_cat-tiigitaimed","13":"product_cat-varjuaed","14":"product_cat-taimed","15":"pa_haiguskindlus-hea","16":"pa_kasvukorgus-40-50-cm","17":"pa_laius-50-60-cm","18":"pa_lisainfo-mesilaste-lemmik","19":"pa_lisainfo-sobilik-istutuskasti-jaoks","20":"pa_lisainfo-sobib-loikelilleks","21":"pa_lisainfo-sobib-osalise-varjuga-kasvualale","22":"pa_oie-varv-valge","23":"pa_oitsemise-aeg-juuni-august","24":"pa_talvekindlus-vaga-hea","25":"pa_tingimused-niiske","26":"pa_tingimused-parasniiske","27":"pa_tingimused-viljakas","28":"pa_tsoon-3-9","29":"pa_valguse-tingimused-poolvari","30":"pa_variatsioon-suurem-pott","31":"pa_variatsioon-vaiksem-pott","33":"first","34":"onbackorder","35":"purchasable","36":"product-type-variable"},"acf":[],"_links":{"self":[{"href":"https:\/\/dev.garden.ee\/en\/wp-json\/wp\/v2\/product\/3061","targetHints":{"allow":["GET"]}}],"collection":[{"href":"https:\/\/dev.garden.ee\/en\/wp-json\/wp\/v2\/product"}],"about":[{"href":"https:\/\/dev.garden.ee\/en\/wp-json\/wp\/v2\/types\/product"}],"wp:featuredmedia":[{"embeddable":true,"href":"https:\/\/dev.garden.ee\/en\/wp-json\/wp\/v2\/media\/3062"}],"wp:attachment":[{"href":"https:\/\/dev.garden.ee\/en\/wp-json\/wp\/v2\/media?parent=3061"}],"wp:term":[{"taxonomy":"product_brand","embeddable":true,"href":"https:\/\/dev.garden.ee\/en\/wp-json\/wp\/v2\/product_brand?post=3061"},{"taxonomy":"product_cat","embeddable":true,"href":"https:\/\/dev.garden.ee\/en\/wp-json\/wp\/v2\/product_cat?post=3061"},{"taxonomy":"product_tag","embeddable":true,"href":"https:\/\/dev.garden.ee\/en\/wp-json\/wp\/v2\/product_tag?post=3061"}],"curies":[{"name":"wp","href":"https:\/\/api.w.org\/{rel}","templated":true}]}}