{"id":3057,"date":"2023-01-18T17:22:03","date_gmt":"2023-01-18T15:22:03","guid":{"rendered":"https:\/\/dev.zezz.ee\/garden\/toode\/astilbe-arendsii-delft-lace\/"},"modified":"2026-02-17T15:03:24","modified_gmt":"2026-02-17T13:03:24","slug":"astilbe-arendsii-delft-lace","status":"publish","type":"product","link":"https:\/\/dev.garden.ee\/en\/product\/astilbe-arendsii-delft-lace\/","title":{"rendered":"Astilbe arendsii &#8216;Delft Lace&#8217;"},"content":{"rendered":"<input class=\"fooboxshare_post_id\" type=\"hidden\" value=\"3057\"\/>","protected":false},"excerpt":{"rendered":"<p>Astilbe on hea valik varjulisemasse aeda, \u00f5itseb rikkalikult, kuid tuleks j\u00e4lgida, et muld on v\u00e4etatud ja niisutatud. V\u00e4etada kevadel. Selle sordi omap\u00e4ra on erepunased varred ja \u00f5hulised, heleroosad \u00f5iepuhmad. Lehestik sinakas-roheline. Meelitab ligi liblikaid. Sobib konteineritesse, hea l\u00f5ikelill.<\/p>","protected":false},"featured_media":3058,"template":"","meta":[],"product_brand":[],"product_cat":[9637,4413,6934,4406,4401,4409,4392,4412,22],"product_tag":[],"class_list":{"0":"post-3057","1":"product","2":"type-product","3":"status-publish","4":"has-post-thumbnail","6":"product_cat-istutuskast","7":"product_cat-loikelilleaed","8":"product_cat-mesilassobralik-aed","9":"product_cat-park","10":"product_cat-pusikud","11":"product_cat-tiigiaed","12":"product_cat-tiigitaimed","13":"product_cat-varjuaed","14":"product_cat-taimed","15":"pa_haiguskindlus-hea","16":"pa_kasvukorgus-60-cm","17":"pa_laius-40-60-cm","18":"pa_lisainfo-mesilaste-lemmik","19":"pa_lisainfo-sobilik-istutuskasti-jaoks","20":"pa_lisainfo-sobib-loikelilleks","21":"pa_lisainfo-sobib-osalise-varjuga-kasvualale","22":"pa_oie-varv-roosa","23":"pa_oitsemise-aeg-juuli-august","24":"pa_talvekindlus-vaga-hea","25":"pa_tingimused-niiske","26":"pa_tingimused-viljakas","27":"pa_tsoon-3-9","28":"pa_valguse-tingimused-paike","29":"pa_valguse-tingimused-poolvari","30":"pa_variatsioon-suurem-pott","31":"pa_variatsioon-vaiksem-pott","33":"first","34":"instock","35":"purchasable","36":"product-type-variable"},"acf":[],"_links":{"self":[{"href":"https:\/\/dev.garden.ee\/en\/wp-json\/wp\/v2\/product\/3057","targetHints":{"allow":["GET"]}}],"collection":[{"href":"https:\/\/dev.garden.ee\/en\/wp-json\/wp\/v2\/product"}],"about":[{"href":"https:\/\/dev.garden.ee\/en\/wp-json\/wp\/v2\/types\/product"}],"wp:featuredmedia":[{"embeddable":true,"href":"https:\/\/dev.garden.ee\/en\/wp-json\/wp\/v2\/media\/3058"}],"wp:attachment":[{"href":"https:\/\/dev.garden.ee\/en\/wp-json\/wp\/v2\/media?parent=3057"}],"wp:term":[{"taxonomy":"product_brand","embeddable":true,"href":"https:\/\/dev.garden.ee\/en\/wp-json\/wp\/v2\/product_brand?post=3057"},{"taxonomy":"product_cat","embeddable":true,"href":"https:\/\/dev.garden.ee\/en\/wp-json\/wp\/v2\/product_cat?post=3057"},{"taxonomy":"product_tag","embeddable":true,"href":"https:\/\/dev.garden.ee\/en\/wp-json\/wp\/v2\/product_tag?post=3057"}],"curies":[{"name":"wp","href":"https:\/\/api.w.org\/{rel}","templated":true}]}}