{"id":3044,"date":"2023-01-18T17:21:52","date_gmt":"2023-01-18T15:21:52","guid":{"rendered":"https:\/\/dev.zezz.ee\/garden\/toode\/echinacea-purpurea-marmalade\/"},"modified":"2026-02-22T21:32:00","modified_gmt":"2026-02-22T19:32:00","slug":"echinacea-purpurea-marmalade","status":"publish","type":"product","link":"https:\/\/dev.garden.ee\/en\/product\/echinacea-purpurea-marmalade\/","title":{"rendered":"Echinacea purpurea &#8216;Marmalade&#8217;"},"content":{"rendered":"<input class=\"fooboxshare_post_id\" type=\"hidden\" value=\"3044\"\/>","protected":false},"excerpt":{"rendered":"<p>Terve suvi \u00f5itsev ja meeldivat soojust kiirgav siilk\u00fcbar. Suured, pastelselt oran\u017eid \u00f5ied on v\u00e4ga erakordsed, v\u00e4limised kroonlehed on suured ja kasvavad allapoole, keskmised kroonlehed on aga pisemad ning muutuvad \u00f5ie kasvades \u00fcha kohevamateks. V\u00e4ga tugevate roheliste lehtetega. Lihtne kasvatada, haigustele vastupidav. Hea l\u00f5ikelill, meelitab liblikaid ja mesilasi, l\u00f5hnab h\u00e4sti. Vajab p\u00e4ikeselist kasvukohta, vett l\u00e4bilaskvat pinnast. H\u00e4\u00e4bunud \u00f5ied tuleks eemaldada, et \u00f5itseaeg p\u00fcsiks v\u00f5imalikult pikk.<\/p>","protected":false},"featured_media":22951,"template":"","meta":[],"product_brand":[],"product_cat":[4415,4413,6934,4401,22],"product_tag":[],"class_list":{"0":"post-3044","1":"product","2":"type-product","3":"status-publish","4":"has-post-thumbnail","6":"product_cat-lilleaed","7":"product_cat-loikelilleaed","8":"product_cat-mesilassobralik-aed","9":"product_cat-pusikud","10":"product_cat-taimed","11":"pa_haiguskindlus-vaga-hea","12":"pa_kasvukorgus-75-cm","13":"pa_laius-60-cm","14":"pa_lisainfo-mesilaste-lemmik","15":"pa_lisainfo-sobib-loikelilleks","16":"pa_oie-varv-oranz","17":"pa_oitsemise-aeg-juuli-september","18":"pa_talvekindlus-hea","19":"pa_tingimused-hea-drenaaz","20":"pa_tsoon-4-9","21":"pa_valguse-tingimused-paike","22":"pa_variatsioon-suurem-pott","23":"pa_variatsioon-vaiksem-pott","25":"first","26":"instock","27":"purchasable","28":"product-type-variable"},"acf":[],"_links":{"self":[{"href":"https:\/\/dev.garden.ee\/en\/wp-json\/wp\/v2\/product\/3044","targetHints":{"allow":["GET"]}}],"collection":[{"href":"https:\/\/dev.garden.ee\/en\/wp-json\/wp\/v2\/product"}],"about":[{"href":"https:\/\/dev.garden.ee\/en\/wp-json\/wp\/v2\/types\/product"}],"wp:featuredmedia":[{"embeddable":true,"href":"https:\/\/dev.garden.ee\/en\/wp-json\/wp\/v2\/media\/22951"}],"wp:attachment":[{"href":"https:\/\/dev.garden.ee\/en\/wp-json\/wp\/v2\/media?parent=3044"}],"wp:term":[{"taxonomy":"product_brand","embeddable":true,"href":"https:\/\/dev.garden.ee\/en\/wp-json\/wp\/v2\/product_brand?post=3044"},{"taxonomy":"product_cat","embeddable":true,"href":"https:\/\/dev.garden.ee\/en\/wp-json\/wp\/v2\/product_cat?post=3044"},{"taxonomy":"product_tag","embeddable":true,"href":"https:\/\/dev.garden.ee\/en\/wp-json\/wp\/v2\/product_tag?post=3044"}],"curies":[{"name":"wp","href":"https:\/\/api.w.org\/{rel}","templated":true}]}}