{"id":3022,"date":"2023-01-18T17:21:39","date_gmt":"2023-01-18T15:21:39","guid":{"rendered":"https:\/\/dev.zezz.ee\/garden\/toode\/dianthus-gratianopolitanus-eydangeri\/"},"modified":"2026-02-21T19:58:49","modified_gmt":"2026-02-21T17:58:49","slug":"dianthus-gratianopolitanus-eydangeri","status":"publish","type":"product","link":"https:\/\/dev.garden.ee\/en\/product\/dianthus-gratianopolitanus-eydangeri\/","title":{"rendered":"Dianthus gratianopolitanus &#8216;Eydangeri&#8217;"},"content":{"rendered":"<input class=\"fooboxshare_post_id\" type=\"hidden\" value=\"3022\"\/>","protected":false},"excerpt":{"rendered":"<p>V\u00e4ikesed h\u00f5behallid lineaarsed lehed moodustavad kuni 40cm padja, mille kohal pisut k\u00f5rgema varre otsa ilmuvad ereroosad, magentav\u00e4rvi, v\u00e4iksed nelgisarnased \u00f5ied. \u00d5ied l\u00f5hnavad v\u00fcrtsikalt, mis meelitab mesilasi ja liblikaid. Lehed on igihaljad. Ideaalne taim kiviktaimlasse v\u00f5i tee\u00e4\u00e4ristuseks. Ettevaatust m\u00fcrgine!<\/p>","protected":false},"featured_media":23447,"template":"","meta":[],"product_brand":[],"product_cat":[9503,4415,6934,9200,4401,22],"product_tag":[],"class_list":{"0":"post-3022","1":"product","2":"type-product","3":"status-publish","4":"has-post-thumbnail","6":"product_cat-kiviktaimla","7":"product_cat-lilleaed","8":"product_cat-mesilassobralik-aed","9":"product_cat-pinnakatjad","10":"product_cat-pusikud","11":"product_cat-taimed","12":"pa_haiguskindlus-hea","13":"pa_kasvukorgus-15-25-cm","14":"pa_laius-40-cm","15":"pa_lisainfo-hea-pinnakatja","16":"pa_lisainfo-hirve-kahjustustele-vastupidav","17":"pa_lisainfo-igihaljas","18":"pa_lisainfo-mesilaste-lemmik","19":"pa_lisainfo-murgine","20":"pa_oie-varv-lilla","21":"pa_oitsemise-aeg-mai-juuli","22":"pa_talvekindlus-vaga-hea","23":"pa_tingimused-hea-drenaaz","24":"pa_tingimused-kuiv","25":"pa_tingimused-neutraalne","26":"pa_tsoon-3-9","27":"pa_valguse-tingimused-paike","28":"pa_variatsioon-suurem-pott","29":"pa_variatsioon-vaiksem-pott","31":"first","32":"instock","33":"purchasable","34":"product-type-variable"},"acf":[],"_links":{"self":[{"href":"https:\/\/dev.garden.ee\/en\/wp-json\/wp\/v2\/product\/3022","targetHints":{"allow":["GET"]}}],"collection":[{"href":"https:\/\/dev.garden.ee\/en\/wp-json\/wp\/v2\/product"}],"about":[{"href":"https:\/\/dev.garden.ee\/en\/wp-json\/wp\/v2\/types\/product"}],"wp:featuredmedia":[{"embeddable":true,"href":"https:\/\/dev.garden.ee\/en\/wp-json\/wp\/v2\/media\/23447"}],"wp:attachment":[{"href":"https:\/\/dev.garden.ee\/en\/wp-json\/wp\/v2\/media?parent=3022"}],"wp:term":[{"taxonomy":"product_brand","embeddable":true,"href":"https:\/\/dev.garden.ee\/en\/wp-json\/wp\/v2\/product_brand?post=3022"},{"taxonomy":"product_cat","embeddable":true,"href":"https:\/\/dev.garden.ee\/en\/wp-json\/wp\/v2\/product_cat?post=3022"},{"taxonomy":"product_tag","embeddable":true,"href":"https:\/\/dev.garden.ee\/en\/wp-json\/wp\/v2\/product_tag?post=3022"}],"curies":[{"name":"wp","href":"https:\/\/api.w.org\/{rel}","templated":true}]}}