{"id":3017,"date":"2023-01-18T17:21:36","date_gmt":"2023-01-18T15:21:36","guid":{"rendered":"https:\/\/dev.zezz.ee\/garden\/toode\/delphinium-flamenco\/"},"modified":"2026-02-20T20:30:23","modified_gmt":"2026-02-20T18:30:23","slug":"delphinium-flamenco","status":"publish","type":"product","link":"https:\/\/dev.garden.ee\/en\/product\/delphinium-flamenco\/","title":{"rendered":"Delphinium &#8216;Flamenco&#8217;"},"content":{"rendered":"<input class=\"fooboxshare_post_id\" type=\"hidden\" value=\"3017\"\/>","protected":false},"excerpt":{"rendered":"<p>Helelillad, kuni tumepurpursed topelt\u00f5ied on pikalt \u00f5itsevad, varrel kuni 60 \u00f5it. Varred on tugevad ega paindu \u00f5ieraskuse all, sirguvad kuni 90 cm pikkuseks. Tuulisemas kohas vajab vars tuge.\u00a0L\u00f5igates tagasi \u00e4ra\u00f5itsenud \u00f5isikuvarred, saad v\u00e4rskendada taime olemust ning pikendada \u00f5itseaega. Rammusamat mulda ja p\u00e4ikesepaistelist kasvukohta armastav taim.<\/p>\n<p>K\u00f5ik taimeosad on m\u00fcrgised!<\/p>","protected":false},"featured_media":3018,"template":"","meta":[],"product_brand":[],"product_cat":[4415,4413,4401,22],"product_tag":[],"class_list":{"0":"post-3017","1":"product","2":"type-product","3":"status-publish","4":"has-post-thumbnail","6":"product_cat-lilleaed","7":"product_cat-loikelilleaed","8":"product_cat-pusikud","9":"product_cat-taimed","10":"pa_haiguskindlus-hea","11":"pa_kasvukorgus-75-90-cm","12":"pa_laius-40-cm","13":"pa_lisainfo-murgine","14":"pa_lisainfo-sobib-loikelilleks","15":"pa_lisainfo-vajab-tuulte-eest-varju","16":"pa_oie-varv-lilla","17":"pa_oitsemise-aeg-juuni-august","18":"pa_talvekindlus-hea","19":"pa_tingimused-hea-drenaaz","20":"pa_tingimused-rammus","21":"pa_tsoon-5-9","22":"pa_valguse-tingimused-paike","23":"pa_variatsioon-suurem-pott","24":"pa_variatsioon-vaiksem-pott","26":"first","27":"onbackorder","28":"purchasable","29":"product-type-variable"},"acf":[],"_links":{"self":[{"href":"https:\/\/dev.garden.ee\/en\/wp-json\/wp\/v2\/product\/3017","targetHints":{"allow":["GET"]}}],"collection":[{"href":"https:\/\/dev.garden.ee\/en\/wp-json\/wp\/v2\/product"}],"about":[{"href":"https:\/\/dev.garden.ee\/en\/wp-json\/wp\/v2\/types\/product"}],"wp:featuredmedia":[{"embeddable":true,"href":"https:\/\/dev.garden.ee\/en\/wp-json\/wp\/v2\/media\/3018"}],"wp:attachment":[{"href":"https:\/\/dev.garden.ee\/en\/wp-json\/wp\/v2\/media?parent=3017"}],"wp:term":[{"taxonomy":"product_brand","embeddable":true,"href":"https:\/\/dev.garden.ee\/en\/wp-json\/wp\/v2\/product_brand?post=3017"},{"taxonomy":"product_cat","embeddable":true,"href":"https:\/\/dev.garden.ee\/en\/wp-json\/wp\/v2\/product_cat?post=3017"},{"taxonomy":"product_tag","embeddable":true,"href":"https:\/\/dev.garden.ee\/en\/wp-json\/wp\/v2\/product_tag?post=3017"}],"curies":[{"name":"wp","href":"https:\/\/api.w.org\/{rel}","templated":true}]}}